{"id":2064,"date":"2024-10-10T19:54:10","date_gmt":"2024-10-10T17:54:10","guid":{"rendered":"https:\/\/alfoldident.hu\/garancia\/"},"modified":"2026-04-28T18:15:03","modified_gmt":"2026-04-28T16:15:03","slug":"garantia","status":"publish","type":"page","link":"https:\/\/alfoldident.hu\/es\/garantia\/","title":{"rendered":"Garant\u00eda"},"content":{"rendered":"<div id='av_section_1'  class='avia-section av-hjfn2-851f794829c78ce395665936ec74e1f9 main_color avia-section-default avia-no-border-styling  avia-builder-el-0  avia-builder-el-no-sibling  avia-bg-style-scroll container_wrap fullsize'  ><div class='container av-section-cont-open' ><main  role=\"main\" itemprop=\"mainContentOfPage\"  class='template-page content  av-content-full alpha units'><div class='post-entry post-entry-type-page post-entry-2064'><div class='entry-content-wrapper clearfix'>\n\n<style type=\"text\/css\" data-created_by=\"avia_inline_auto\" id=\"style-css-av-m26g1afa-c148c14dc61bae73e3e923d8eed7ab59\">\n#top .av-special-heading.av-m26g1afa-c148c14dc61bae73e3e923d8eed7ab59{\npadding-bottom:10px;\n}\nbody .av-special-heading.av-m26g1afa-c148c14dc61bae73e3e923d8eed7ab59 .av-special-heading-tag .heading-char{\nfont-size:25px;\n}\n.av-special-heading.av-m26g1afa-c148c14dc61bae73e3e923d8eed7ab59 .av-subheading{\nfont-size:15px;\n}\n<\/style>\n<div  class='av-special-heading av-m26g1afa-c148c14dc61bae73e3e923d8eed7ab59 av-special-heading-h1 blockquote modern-quote  avia-builder-el-1  el_before_av_textblock  avia-builder-el-first '><h1 class='av-special-heading-tag '  itemprop=\"headline\"  >Garant\u00eda<\/h1><div class=\"special-heading-border\"><div class=\"special-heading-inner-border\"><\/div><\/div><\/div>\n<section  class='av_textblock_section av-b5o1a-a76a77cb6b63d013f1ae0a5ae9037d69 '   itemscope=\"itemscope\" itemtype=\"https:\/\/schema.org\/CreativeWork\" ><div class='avia_textblock'  itemprop=\"text\" ><p>Alf\u00f6ldi Dental System Kft. garantiza todos los tratamientos que realiza.<\/p>\n<p>Cualquier reclamo de garant\u00eda se manejar\u00e1 solo en la cl\u00ednica de Alf\u00f6ldi Dental System Kft., previa consulta.<\/p>\n<ul>\n<li>implante (en caso de p\u00e9rdida o aflojamiento) \u2013 5 (cinco) a\u00f1os de garant\u00eda (la garant\u00eda no cubre la superestructura, las coronas\/puentes e implantes y los costos de viaje\/alojamiento)<\/li>\n<li>superestructura del implante \u2013 2 (dos) a\u00f1os<\/li>\n<li>pr\u00f3tesis fijas \u2013 1 (un) a\u00f1o<\/li>\n<li>pr\u00f3tesis removibles \u2013 1 (un) a\u00f1o<\/li>\n<li>camuflaje de porcelana \u2013 1 (un) a\u00f1o<\/li>\n<li>empastes, inlay \u2013 1 (un) a\u00f1o<\/li>\n<\/ul>\n<p>La garant\u00eda del Proveedor solo cubre el implante si el Paciente cumple con las condiciones de la garant\u00eda.<\/p>\n<p>El Proveedor est\u00e1 exento de sus obligaciones de garant\u00eda si no se cumple alguna de las siguientes condiciones de la garant\u00eda o hay motivos de exclusi\u00f3n:<\/p>\n<ul>\n<li>cumplimiento de todas las normas de higiene bucal prescritas por el m\u00e9dico tratante<\/li>\n<li>participaci\u00f3n en los ex\u00e1menes de seguimiento recomendados por el m\u00e9dico tratante cada 6 meses<\/li>\n<li>realizaci\u00f3n de las intervenciones recomendadas por el m\u00e9dico tratante en un plazo de 30 d\u00edas<\/li>\n<li>el fracaso del tratamiento es causado por otros factores de salud independientes de la atenci\u00f3n dental<\/li>\n<li>el paciente es adicto al alcohol o a las drogas, con lo que se puede vincular el fracaso del tratamiento<\/li>\n<li>el paciente realiza el tratamiento en el diente en cuesti\u00f3n en otro consultorio<\/li>\n<li>cualquier deuda financiera contra\u00edda con el proveedor de servicios<\/li>\n<\/ul>\n<\/div><\/section>\n\n","protected":false},"excerpt":{"rendered":"","protected":false},"author":1,"featured_media":0,"parent":0,"menu_order":0,"comment_status":"closed","ping_status":"closed","template":"","meta":{"footnotes":""},"class_list":["post-2064","page","type-page","status-publish","hentry"],"yoast_head":"<!-- This site is optimized with the Yoast SEO plugin v24.0 - https:\/\/yoast.com\/wordpress\/plugins\/seo\/ -->\n<title>Garant\u00eda - Alf\u00f6ldi Dental<\/title>\n<meta name=\"robots\" content=\"index, follow, max-snippet:-1, max-image-preview:large, max-video-preview:-1\" \/>\n<link rel=\"canonical\" href=\"https:\/\/alfoldident.hu\/es\/garantia\/\" \/>\n<meta property=\"og:locale\" content=\"es_ES\" \/>\n<meta property=\"og:type\" content=\"article\" \/>\n<meta property=\"og:title\" content=\"Garant\u00eda - Alf\u00f6ldi Dental\" \/>\n<meta property=\"og:url\" content=\"https:\/\/alfoldident.hu\/es\/garantia\/\" \/>\n<meta property=\"og:site_name\" content=\"Alf\u00f6ldi Dental\" \/>\n<meta property=\"article:modified_time\" content=\"2026-04-28T16:15:03+00:00\" \/>\n<meta name=\"twitter:card\" content=\"summary_large_image\" \/>\n<meta name=\"twitter:label1\" content=\"Tiempo de lectura\" \/>\n\t<meta name=\"twitter:data1\" content=\"2 minutos\" \/>\n<script type=\"application\/ld+json\" class=\"yoast-schema-graph\">{\"@context\":\"https:\/\/schema.org\",\"@graph\":[{\"@type\":\"WebPage\",\"@id\":\"https:\/\/alfoldident.hu\/es\/garantia\/\",\"url\":\"https:\/\/alfoldident.hu\/es\/garantia\/\",\"name\":\"Garant\u00eda - Alf\u00f6ldi Dental\",\"isPartOf\":{\"@id\":\"https:\/\/alfoldident.hu\/#website\"},\"datePublished\":\"2024-10-10T17:54:10+00:00\",\"dateModified\":\"2026-04-28T16:15:03+00:00\",\"breadcrumb\":{\"@id\":\"https:\/\/alfoldident.hu\/es\/garantia\/#breadcrumb\"},\"inLanguage\":\"es\",\"potentialAction\":[{\"@type\":\"ReadAction\",\"target\":[\"https:\/\/alfoldident.hu\/es\/garantia\/\"]}]},{\"@type\":\"BreadcrumbList\",\"@id\":\"https:\/\/alfoldident.hu\/es\/garantia\/#breadcrumb\",\"itemListElement\":[{\"@type\":\"ListItem\",\"position\":1,\"name\":\"Kezd\u0151lap\",\"item\":\"https:\/\/alfoldident.hu\/es\/inicio\/\"},{\"@type\":\"ListItem\",\"position\":2,\"name\":\"Garant\u00eda\"}]},{\"@type\":\"WebSite\",\"@id\":\"https:\/\/alfoldident.hu\/#website\",\"url\":\"https:\/\/alfoldident.hu\/\",\"name\":\"Alf\u00f6ldi Dent\",\"description\":\"\",\"publisher\":{\"@id\":\"https:\/\/alfoldident.hu\/#organization\"},\"potentialAction\":[{\"@type\":\"SearchAction\",\"target\":{\"@type\":\"EntryPoint\",\"urlTemplate\":\"https:\/\/alfoldident.hu\/?s={search_term_string}\"},\"query-input\":{\"@type\":\"PropertyValueSpecification\",\"valueRequired\":true,\"valueName\":\"search_term_string\"}}],\"inLanguage\":\"es\"},{\"@type\":\"Organization\",\"@id\":\"https:\/\/alfoldident.hu\/#organization\",\"name\":\"Alf\u00f6ldi Dent\",\"url\":\"https:\/\/alfoldident.hu\/\",\"logo\":{\"@type\":\"ImageObject\",\"inLanguage\":\"es\",\"@id\":\"https:\/\/alfoldident.hu\/#\/schema\/logo\/image\/\",\"url\":\"https:\/\/alfoldident.hu\/wp-content\/uploads\/2024\/12\/logo_AD.png\",\"contentUrl\":\"https:\/\/alfoldident.hu\/wp-content\/uploads\/2024\/12\/logo_AD.png\",\"width\":178,\"height\":92,\"caption\":\"Alf\u00f6ldi Dent\"},\"image\":{\"@id\":\"https:\/\/alfoldident.hu\/#\/schema\/logo\/image\/\"}}]}<\/script>\n<!-- \/ Yoast SEO plugin. -->","yoast_head_json":{"title":"Garant\u00eda - Alf\u00f6ldi Dental","robots":{"index":"index","follow":"follow","max-snippet":"max-snippet:-1","max-image-preview":"max-image-preview:large","max-video-preview":"max-video-preview:-1"},"canonical":"https:\/\/alfoldident.hu\/es\/garantia\/","og_locale":"es_ES","og_type":"article","og_title":"Garant\u00eda - Alf\u00f6ldi Dental","og_url":"https:\/\/alfoldident.hu\/es\/garantia\/","og_site_name":"Alf\u00f6ldi Dental","article_modified_time":"2026-04-28T16:15:03+00:00","twitter_card":"summary_large_image","twitter_misc":{"Tiempo de lectura":"2 minutos"},"schema":{"@context":"https:\/\/schema.org","@graph":[{"@type":"WebPage","@id":"https:\/\/alfoldident.hu\/es\/garantia\/","url":"https:\/\/alfoldident.hu\/es\/garantia\/","name":"Garant\u00eda - Alf\u00f6ldi Dental","isPartOf":{"@id":"https:\/\/alfoldident.hu\/#website"},"datePublished":"2024-10-10T17:54:10+00:00","dateModified":"2026-04-28T16:15:03+00:00","breadcrumb":{"@id":"https:\/\/alfoldident.hu\/es\/garantia\/#breadcrumb"},"inLanguage":"es","potentialAction":[{"@type":"ReadAction","target":["https:\/\/alfoldident.hu\/es\/garantia\/"]}]},{"@type":"BreadcrumbList","@id":"https:\/\/alfoldident.hu\/es\/garantia\/#breadcrumb","itemListElement":[{"@type":"ListItem","position":1,"name":"Kezd\u0151lap","item":"https:\/\/alfoldident.hu\/es\/inicio\/"},{"@type":"ListItem","position":2,"name":"Garant\u00eda"}]},{"@type":"WebSite","@id":"https:\/\/alfoldident.hu\/#website","url":"https:\/\/alfoldident.hu\/","name":"Alf\u00f6ldi Dent","description":"","publisher":{"@id":"https:\/\/alfoldident.hu\/#organization"},"potentialAction":[{"@type":"SearchAction","target":{"@type":"EntryPoint","urlTemplate":"https:\/\/alfoldident.hu\/?s={search_term_string}"},"query-input":{"@type":"PropertyValueSpecification","valueRequired":true,"valueName":"search_term_string"}}],"inLanguage":"es"},{"@type":"Organization","@id":"https:\/\/alfoldident.hu\/#organization","name":"Alf\u00f6ldi Dent","url":"https:\/\/alfoldident.hu\/","logo":{"@type":"ImageObject","inLanguage":"es","@id":"https:\/\/alfoldident.hu\/#\/schema\/logo\/image\/","url":"https:\/\/alfoldident.hu\/wp-content\/uploads\/2024\/12\/logo_AD.png","contentUrl":"https:\/\/alfoldident.hu\/wp-content\/uploads\/2024\/12\/logo_AD.png","width":178,"height":92,"caption":"Alf\u00f6ldi Dent"},"image":{"@id":"https:\/\/alfoldident.hu\/#\/schema\/logo\/image\/"}}]}},"_links":{"self":[{"href":"https:\/\/alfoldident.hu\/es\/wp-json\/wp\/v2\/pages\/2064","targetHints":{"allow":["GET"]}}],"collection":[{"href":"https:\/\/alfoldident.hu\/es\/wp-json\/wp\/v2\/pages"}],"about":[{"href":"https:\/\/alfoldident.hu\/es\/wp-json\/wp\/v2\/types\/page"}],"author":[{"embeddable":true,"href":"https:\/\/alfoldident.hu\/es\/wp-json\/wp\/v2\/users\/1"}],"replies":[{"embeddable":true,"href":"https:\/\/alfoldident.hu\/es\/wp-json\/wp\/v2\/comments?post=2064"}],"version-history":[{"count":4,"href":"https:\/\/alfoldident.hu\/es\/wp-json\/wp\/v2\/pages\/2064\/revisions"}],"predecessor-version":[{"id":2680,"href":"https:\/\/alfoldident.hu\/es\/wp-json\/wp\/v2\/pages\/2064\/revisions\/2680"}],"wp:attachment":[{"href":"https:\/\/alfoldident.hu\/es\/wp-json\/wp\/v2\/media?parent=2064"}],"curies":[{"name":"wp","href":"https:\/\/api.w.org\/{rel}","templated":true}]}}