{"id":2058,"date":"2024-10-10T19:54:01","date_gmt":"2024-10-10T17:54:01","guid":{"rendered":"https:\/\/alfoldident.hu\/aszf\/"},"modified":"2025-05-22T14:06:12","modified_gmt":"2025-05-22T12:06:12","slug":"condiciones-generales-del-contrato","status":"publish","type":"page","link":"https:\/\/alfoldident.hu\/es\/condiciones-generales-del-contrato\/","title":{"rendered":"Condiciones generales del contrato"},"content":{"rendered":"<div id='av_section_1'  class='avia-section av-ew4b8-17f79d0a2ac8bf877a3922d1c1072fa6 main_color avia-section-default avia-no-border-styling  avia-builder-el-0  avia-builder-el-no-sibling  avia-bg-style-scroll container_wrap fullsize'  ><div class='container av-section-cont-open' ><main  role=\"main\" itemprop=\"mainContentOfPage\"  class='template-page content  av-content-full alpha units'><div class='post-entry post-entry-type-page post-entry-2058'><div class='entry-content-wrapper clearfix'>\n\n<style type=\"text\/css\" data-created_by=\"avia_inline_auto\" id=\"style-css-av-m26g01tr-0e498a3168c3252f9bfe3e36203ffc97\">\n#top .av-special-heading.av-m26g01tr-0e498a3168c3252f9bfe3e36203ffc97{\npadding-bottom:10px;\n}\nbody .av-special-heading.av-m26g01tr-0e498a3168c3252f9bfe3e36203ffc97 .av-special-heading-tag .heading-char{\nfont-size:25px;\n}\n.av-special-heading.av-m26g01tr-0e498a3168c3252f9bfe3e36203ffc97 .av-subheading{\nfont-size:15px;\n}\n<\/style>\n<div  class='av-special-heading av-m26g01tr-0e498a3168c3252f9bfe3e36203ffc97 av-special-heading-h1 blockquote modern-quote  avia-builder-el-1  el_before_av_textblock  avia-builder-el-first '><h1 class='av-special-heading-tag '  itemprop=\"headline\"  >Condiciones generales del contrato<\/h1><div class=\"special-heading-border\"><div class=\"special-heading-inner-border\"><\/div><\/div><\/div>\n<section  class='av_textblock_section av-36cs-688c970d514ae375ccf76411f2fc5a38 '   itemscope=\"itemscope\" itemtype=\"https:\/\/schema.org\/CreativeWork\" ><div class='avia_textblock'  itemprop=\"text\" ><p>Prestaci\u00f3n de servicios dentales ambulatorios a los pacientes de ALF\u00d6LDI DENTAL SYSTEM Korl\u00e1tolt Felel\u0151ss\u00e9g\u0171 T\u00e1rsas\u00e1g.<\/p>\n<p>Las condiciones del acuerdo celebrado entre<strong> Alf\u00f6ldi Dental System Kft.<\/strong> como proveedor sanitario (en adelante, el Proveedor) y el <strong>Paciente<\/strong> que usa los servicios de salud, conjuntamente:<strong> Partes,<\/strong> se rigen por las presentes Condiciones generales del contrato (CGC).<br \/>\nSalvo acuerdo escrito contrario entre el Proveedor y el Paciente, prevalecer\u00e1n estas Condiciones generales del contrato. Al firmar el Contrato, el Paciente reconoce que ha le\u00eddo y entendido las CGC y acepta estar obligado por las mismas.<br \/>\nEl Paciente reconoce que la atenci\u00f3n cubierta por el seguro de salud no cubre los honorarios de los servicios de salud utilizados en la cl\u00ednica de Alf\u00f6ldi Dental System.<\/p>\n<h3>Servicio sanitario<\/h3>\n<p>Alf\u00f6ldi Dental System Kft. (1116 Budapest, Szent Gell\u00e9rt t\u00e9r 3. I. em. 2., No de Registro Mercantil: 01-09-566323, CIF: 12226050-1-43) representada por el Dr. Antal Alf\u00f6ldi, gerente.<br \/>\nEl Proveedor cuenta con las condiciones profesionales, materiales y personales necesarias para la prestaci\u00f3n de los servicios, los permisos oficiales correspondientes, as\u00ed como un contrato de seguro de responsabilidad m\u00e9dica relacionado con el desarrollo de sus actividades.<\/p>\n<p>La utilizaci\u00f3n del Servicio crea una obligaci\u00f3n de cooperaci\u00f3n entre las Partes. Adem\u00e1s de sus datos personales, la obligaci\u00f3n del Paciente de proporcionar datos abarca la presentaci\u00f3n de las circunstancias, antecedentes y hechos relacionados con su estado de salud, que son necesarios para la elaboraci\u00f3n del diagn\u00f3stico adecuado, el plan de tratamiento y las intervenciones exitosas.Se da prioridad a la informaci\u00f3n sobre enfermedades conocidas anteriores, tratamientos, terapias farmacol\u00f3gicas, sensibilidad a los medicamentos y factores de riesgo para la salud. Adem\u00e1s, informaci\u00f3n sobre todo lo relacionado con su propia enfermedad que pueda amenazar su propia vida o la vida o integridad f\u00edsica de otros, en particular enfermedades infecciosas u otras que impidan el tratamiento dado.<\/p>\n<p>El Paciente asume responsabilidad exclusiva de la exactitud y autenticidad de la informaci\u00f3n que proporcione con respecto a sus datos personales, estado de salud, enfermedades o tratamientos previos, de los cuales el Proveedor no se responsabiliza. En caso de deficiencia o retraso en los datos proporcionados por el Paciente, el Proveedor tiene derecho a modificar el plan de tratamiento, as\u00ed como la Cotizaci\u00f3n relacionada.<br \/>\nEn caso de cualquier cambio en la informaci\u00f3n proporcionada anteriormente, el Paciente debe notificar inmediatamente al Proveedor. El Paciente reconoce que el Proveedor no se responsabiliza de ning\u00fan da\u00f1o derivado de la falta de notificaci\u00f3n. En caso de incumplimiento de las obligaciones anteriores, el Paciente deber\u00e1 pagar el da\u00f1o resultante del Proveedor, as\u00ed como los costos incurridos, justificados y certificados. En caso de incumplimiento del contrato derivado de lo anterior, el Proveedor tiene derecho a rescindir el contrato con efecto inmediato (sin indemnizaci\u00f3n).<\/p>\n<p>Durante toda la atenci\u00f3n del Paciente, el Proveedor proporciona los tratamientos y el trabajo dental necesario utilizando especialistas dentales calificados, especialistas asistentes y subcontratistas de acuerdo con protocolos profesionales de alto nivel.<br \/>\nPara cualquier cuidado dental se requiere una cita previa. El paciente debe llegar a la hora preestablecida a tiempo (con 10 minutos de antelaci\u00f3n). Si el Paciente desea cancelar la cita preestablecida, debe hacerlo con una antelaci\u00f3n m\u00e1xima de 24 horas. A falta de cancelaci\u00f3n oportuna, el Proveedor tiene derecho a facturar al Paciente la \u201ctarifa de disponibilidad\u201d incluida en su Lista de precios.<br \/>\nEl Proveedor se esfuerza por proporcionar la atenci\u00f3n de su Paciente en el momento confirmado. Debido a la naturaleza de la atenci\u00f3n, la fecha puede cambiar caso por caso, por lo que el Proveedor no se responsabiliza de la atenci\u00f3n en un momento previamente reservado y confirmado.El Proveedor tiene derecho a cambiar, cancelar o reprogramar la fecha del tratamiento en cualquier momento mediante notificaci\u00f3n al Paciente.El Paciente no puede reclamar una indemnizaci\u00f3n por las razones anteriores.<br \/>\nEl paciente debe presentarse en un estado f\u00edsico y psicol\u00f3gico de sobriedad apto para la atenci\u00f3n sanitaria y a no perturbar la tranquilidad de las personas alojadas en la sala de espera durante la prestaci\u00f3n del servicio. En ausencia de dichas condiciones, el Proveedor tiene derecho a negarse a prestar el servicio.<br \/>\nEl Paciente es responsable de cumplir con las instrucciones recibidas del Proveedor y su m\u00e9dico con respecto a su tratamiento m\u00e9dico. El Proveedor no ser\u00e1 responsable de los da\u00f1os derivados de su incumplimiento, y el Paciente no tendr\u00e1 derecho a indemnizaci\u00f3n por este motivo.<\/p>\n<h3>Gesti\u00f3n de datos<\/h3>\n<p>Al firmar el formulario de admisi\u00f3n, el Paciente consiente el tratamiento de sus datos personales y acepta lo dispuesto en las presentes Condiciones generales del contrato.<br \/>\nEl Paciente acepta que el Proveedor tratar\u00e1 y registrar\u00e1 la identificaci\u00f3n personal, la salud y otros datos proporcionados por el Paciente y registrados durante el servicio de salud como un secreto comercial de acuerdo con las leyes aplicables.<br \/>\nEl Paciente reconoce y acepta que se le toma una imagen durante el tratamiento del Servicio por razones de seguridad. El Proveedor declara que mantendr\u00e1 la confidencialidad de los datos relativos a la persona y estado de salud del Paciente de los que tenga conocimiento durante la prestaci\u00f3n del Servicio.<br \/>\nEl Paciente consiente que el Proveedor registre sus datos de contacto en su propia base de datos, inform\u00e1ndole sobre sus tratamientos y la informaci\u00f3n actual del Proveedor.<\/p>\n<h3>Remuneraci\u00f3n por servicios, pago<\/h3>\n<p>El Proveedor se compromete a proporcionar al Paciente informaci\u00f3n completa sobre el contenido del tratamiento que considere necesario y la tarifa del servicio antes de comenzar el tratamiento. El Proveedor proporcionar\u00e1 una Cotizaci\u00f3n por escrito previa solicitud especial, basada en la Lista de precios vigente en todo momento. La cotizaci\u00f3n escrita ser\u00e1 v\u00e1lida durante 3 (tres) meses naturales, a menos que se indique lo contrario en la misma.<\/p>\n<p>El Paciente reconoce y acepta que los honorarios incluidos en la Cotizaci\u00f3n son honorarios previstos, que pueden variar en funci\u00f3n de otras intervenciones durante el tratamiento.<br \/>\nEl Paciente puede recibir la atenci\u00f3n del Proveedor contra el pago de una tarifa de agencia. La Lista de precios actual de Alf\u00f6ldi Dental System Kft. est\u00e1 disponible en el sitio web www.alfoldident.hu y en forma impresa en la cl\u00ednica. El Proveedor tiene derecho a cambiar los precios de los tratamientos sin previo aviso.<br \/>\nEl Paciente podr\u00e1 pagar los honorarios por los servicios dentales de las siguientes maneras:<\/p>\n<ul>\n<li>en efectivo,<\/li>\n<li>con tarjeta bancaria,<\/li>\n<li>por transferencia bancaria en el caso de un acuerdo individual<\/li>\n<li>con tarjeta de fondo de salud (solo fondo contratado)<\/li>\n<\/ul>\n<p>Las tarifas est\u00e1n programadas para ser pagadas de acuerdo con un acuerdo con el m\u00e9dico tratante.<\/p>\n<h3>Posibilidad de desistimiento<\/h3>\n<p>Durante los tratamientos, el Paciente puede, bajo su propio riesgo, solicitar la interrupci\u00f3n del tratamiento (que se continuar\u00e1 en una fecha posterior) o el cese del mismo en cualquier momento. En este caso, el Paciente solo debe pagar una tarifa por los servicios que ha utilizado hasta la notificaci\u00f3n del cese o que ya han sido realizados por y al Proveedor (por ejemplo, servicio de t\u00e9cnica dental). El Proveedor no ser\u00e1 responsable de ning\u00fan da\u00f1o a la salud, causado por la interrupci\u00f3n del tratamiento a solicitud del Paciente.<br \/>\nEl Proveedor se reserva el derecho de negarse a realizar el Servicio si el Paciente no cumple o solo cumple parcialmente con su pago y otras obligaciones contractuales. Si el Proveedor deniega el servicio, por las razones indicadas en este punto, el Paciente no podr\u00e1 hacer valer una reclamaci\u00f3n contra el Proveedor, y este excluye expresamente su responsabilidad por da\u00f1os y perjuicios.<\/p>\n<h3>Derecho del paciente, gesti\u00f3n de quejas<\/h3>\n<p>El Paciente tiene derecho a todos los derechos del paciente y a presentar una queja por escrito ante el Proveedor sobre el servicio de salud. El Proveedor tiene un plazo de 30 d\u00edas para investigar el asunto y responder por escrito. El Paciente puede utilizar la ayuda de un representante legal.<\/p>\n<p><strong>Su representante de derechos del paciente: M\u00e1ria Megl\u00e9czn\u00e9 Ocsen\u00e1s<\/strong><\/p>\n<p><strong>N\u00famero de tel\u00e9fono:<\/strong> +3620 4899 658<br \/>\n<strong>Horario:<\/strong><\/p>\n<ul>\n<li>L-J: 08:00 \u2013 16:30<\/li>\n<li>Viernes: 08:00 \u2013 14:00 k\u00f6z\u00f6tt<\/li>\n<\/ul>\n<p><strong>Correo electr\u00f3nico:<\/strong> maria.ocsenas@ijsz.bm.gov.hu<br \/>\n<strong>Hora y lugar de consulta:<\/strong> consulta telef\u00f3nica<\/p>\n<p>El Representante Legal es miembro de los Servicios Legales Integrados (IJSZ) y es independiente de la instituci\u00f3n de salud.<br \/>\nSi usted desea hacer valer sus derechos anteriores o requerir informaci\u00f3n adicional sobre los derechos del paciente, contacte a su m\u00e9dico con cualquier pregunta.<\/p>\n<h3>Garant\u00eda<\/h3>\n<p>Alf\u00f6ldi Dental System Kft. garantiza todos los tratamientos que realiza.<\/p>\n<p>Cualquier reclamo de garant\u00eda se manejar\u00e1 solo en la cl\u00ednica de Alf\u00f6ldi Dental System Kft., previa consulta.<\/p>\n<ul>\n<li>implante (en caso de p\u00e9rdida o aflojamiento) \u2013 5 (cinco) a\u00f1os de garant\u00eda (la garant\u00eda no cubre la superestructura, las coronas\/puentes e implantes y los costos de viaje\/alojamiento)<\/li>\n<li>superestructura del implante \u2013 2 (dos) a\u00f1os<\/li>\n<li>pr\u00f3tesis fijas \u2013 1 (dos) a\u00f1os<\/li>\n<li>pr\u00f3tesis removibles \u2013 1 (un) a\u00f1o<\/li>\n<li>camuflaje de porcelana \u2013 1 (un) a\u00f1o<\/li>\n<li>empastes, inlay \u2013 1 (un) a\u00f1o<\/li>\n<\/ul>\n<p>La garant\u00eda del Proveedor solo cubre el implante si el Paciente cumple con las condiciones de la garant\u00eda.<\/p>\n<p>El Proveedor est\u00e1 exento de sus obligaciones de garant\u00eda si no se cumple alguna de las siguientes condiciones de la garant\u00eda o hay motivos de exclusi\u00f3n:<\/p>\n<ul>\n<li>cumplimiento de todas las normas de higiene bucal prescritas por el m\u00e9dico tratante<\/li>\n<li>participaci\u00f3n en los ex\u00e1menes de seguimiento recomendados por el m\u00e9dico tratante cada 6 meses<\/li>\n<li>realizaci\u00f3n de las intervenciones recomendadas por el m\u00e9dico tratante en un plazo de 30 d\u00edas<\/li>\n<li>el fracaso del tratamiento es causado por otros factores de salud independientes de la atenci\u00f3n dental<\/li>\n<li>el paciente es adicto al alcohol o a las drogas, con lo que se puede vincular el fracaso del tratamiento<\/li>\n<li>el paciente realiza el tratamiento en el diente en cuesti\u00f3n en otro consultorio<\/li>\n<li>cualquier deuda financiera contra\u00edda con el proveedor de servicios<\/li>\n<\/ul>\n<h3>Responsabilidad<\/h3>\n<p>De acuerdo con el contrato que rige sus actividades, el Proveedor solo ser\u00e1 responsable de los da\u00f1os que haya causado \u00e9l o su personal intencionalmente o con negligencia grave.<\/p>\n<h3>Alcance de las CGC<\/h3>\n<p>Las presentes CGC cubren los servicios dentales de la cl\u00ednica de Alf\u00f6ldi Dental System.<br \/>\nEl Proveedor tiene derecho a modificar las CGC sin restricci\u00f3n de contenido y tiempo, y sin previo aviso.<\/p>\n<h3>Disposiciones diversas<\/h3>\n<p>El servicio solo est\u00e1 disponible para mayores de 18 a\u00f1os. Los menores solo pueden utilizar el servicio con el consentimiento por escrito de su representante legal, de acuerdo con los requisitos legales h\u00fangaros.<br \/>\nEl Paciente reconoce y acepta que el Proveedor puede utilizar subcontratistas para la prestaci\u00f3n de los servicios solicitados, la atenci\u00f3n m\u00e9dica, otras intervenciones especiales y tratamientos m\u00e9dicos. El Proveedor ser\u00e1 responsable de las actividades realizadas por los subcontratistas como si las hubiera realizado \u00e9l mismo.<\/p>\n<p>Las cuestiones no reguladas en las presentes CGC se regir\u00e1n por las disposiciones de la legislaci\u00f3n h\u00fangara vigente (Ley V de 2013, del C\u00f3digo Civil h\u00fangaro). En caso de disputa, el Tribunal h\u00fangaro tendr\u00e1 jurisdicci\u00f3n en el idioma h\u00fangaro.<\/p>\n<p>Anexo: Informaci\u00f3n sobre los derechos y obligaciones de los pacientes<\/p>\n<p><strong>Dr. Antal Alf\u00f6ldi, gerente<\/strong><\/p>\n<h3>Anexo: DERECHOS Y OBLIGACIONES DE LOS PACIENTES<\/h3>\n<p>(Ley CLIV de 1997 de Salud)<\/p>\n<h4>Derechos de los pacientes<\/h4>\n<ul>\n<li>derecho a la atenci\u00f3n m\u00e9dica<\/li>\n<li>derecho a la dignidad humana<\/li>\n<li>derecho a la informaci\u00f3n<\/li>\n<li>derecho a la autodeterminaci\u00f3n<\/li>\n<li>derecho a abandonar la instituci\u00f3n m\u00e9dica<\/li>\n<li>derecho a rechazar la atenci\u00f3n<\/li>\n<li>derecho de acceso a la historia cl\u00ednica<\/li>\n<li>derecho a la confidencialidad m\u00e9dica<\/li>\n<\/ul>\n<h4>Obligaciones de los pacientes<\/h4>\n<ul>\n<li>debe respetar los derechos del proveedor de atenci\u00f3n m\u00e9dica, los empleados del proveedor de atenci\u00f3n m\u00e9dica y sus compa\u00f1eros pacientes<\/li>\n<li>no debe violar los derechos legales de los trabajadores de la salud<\/li>\n<li>debe respetar el orden de operaci\u00f3n y las reglas de la casa del proveedor de atenci\u00f3n m\u00e9dica<\/li>\n<li>debe cooperar con los profesionales sanitarios que intervienen en su atenci\u00f3n seg\u00fan sus capacidades y conocimientos, para informarles de todo lo necesario para el diagn\u00f3stico, la elaboraci\u00f3n del plan de tratamiento adecuado y la realizaci\u00f3n de las intervenciones<\/li>\n<\/ul>\n<\/div><\/section>\n\n","protected":false},"excerpt":{"rendered":"","protected":false},"author":1,"featured_media":0,"parent":0,"menu_order":0,"comment_status":"closed","ping_status":"closed","template":"","meta":{"footnotes":""},"class_list":["post-2058","page","type-page","status-publish","hentry"],"yoast_head":"<!-- This site is optimized with the Yoast SEO plugin v24.0 - https:\/\/yoast.com\/wordpress\/plugins\/seo\/ -->\n<title>Condiciones generales del contrato - Alf\u00f6ldi Dental<\/title>\n<meta name=\"robots\" content=\"index, follow, max-snippet:-1, max-image-preview:large, max-video-preview:-1\" \/>\n<link rel=\"canonical\" href=\"https:\/\/alfoldident.hu\/es\/condiciones-generales-del-contrato\/\" \/>\n<meta property=\"og:locale\" content=\"es_ES\" \/>\n<meta property=\"og:type\" content=\"article\" \/>\n<meta property=\"og:title\" content=\"Condiciones generales del contrato - Alf\u00f6ldi Dental\" \/>\n<meta property=\"og:url\" content=\"https:\/\/alfoldident.hu\/es\/condiciones-generales-del-contrato\/\" \/>\n<meta property=\"og:site_name\" content=\"Alf\u00f6ldi Dental\" \/>\n<meta property=\"article:modified_time\" content=\"2025-05-22T12:06:12+00:00\" \/>\n<meta name=\"twitter:card\" content=\"summary_large_image\" \/>\n<meta name=\"twitter:label1\" content=\"Tiempo de lectura\" \/>\n\t<meta name=\"twitter:data1\" content=\"11 minutos\" \/>\n<script type=\"application\/ld+json\" class=\"yoast-schema-graph\">{\"@context\":\"https:\/\/schema.org\",\"@graph\":[{\"@type\":\"WebPage\",\"@id\":\"https:\/\/alfoldident.hu\/es\/condiciones-generales-del-contrato\/\",\"url\":\"https:\/\/alfoldident.hu\/es\/condiciones-generales-del-contrato\/\",\"name\":\"Condiciones generales del contrato - Alf\u00f6ldi Dental\",\"isPartOf\":{\"@id\":\"https:\/\/alfoldident.hu\/#website\"},\"datePublished\":\"2024-10-10T17:54:01+00:00\",\"dateModified\":\"2025-05-22T12:06:12+00:00\",\"breadcrumb\":{\"@id\":\"https:\/\/alfoldident.hu\/es\/condiciones-generales-del-contrato\/#breadcrumb\"},\"inLanguage\":\"es\",\"potentialAction\":[{\"@type\":\"ReadAction\",\"target\":[\"https:\/\/alfoldident.hu\/es\/condiciones-generales-del-contrato\/\"]}]},{\"@type\":\"BreadcrumbList\",\"@id\":\"https:\/\/alfoldident.hu\/es\/condiciones-generales-del-contrato\/#breadcrumb\",\"itemListElement\":[{\"@type\":\"ListItem\",\"position\":1,\"name\":\"Kezd\u0151lap\",\"item\":\"https:\/\/alfoldident.hu\/es\/inicio\/\"},{\"@type\":\"ListItem\",\"position\":2,\"name\":\"Condiciones generales del contrato\"}]},{\"@type\":\"WebSite\",\"@id\":\"https:\/\/alfoldident.hu\/#website\",\"url\":\"https:\/\/alfoldident.hu\/\",\"name\":\"Alf\u00f6ldi Dent\",\"description\":\"\",\"publisher\":{\"@id\":\"https:\/\/alfoldident.hu\/#organization\"},\"potentialAction\":[{\"@type\":\"SearchAction\",\"target\":{\"@type\":\"EntryPoint\",\"urlTemplate\":\"https:\/\/alfoldident.hu\/?s={search_term_string}\"},\"query-input\":{\"@type\":\"PropertyValueSpecification\",\"valueRequired\":true,\"valueName\":\"search_term_string\"}}],\"inLanguage\":\"es\"},{\"@type\":\"Organization\",\"@id\":\"https:\/\/alfoldident.hu\/#organization\",\"name\":\"Alf\u00f6ldi Dent\",\"url\":\"https:\/\/alfoldident.hu\/\",\"logo\":{\"@type\":\"ImageObject\",\"inLanguage\":\"es\",\"@id\":\"https:\/\/alfoldident.hu\/#\/schema\/logo\/image\/\",\"url\":\"https:\/\/alfoldident.hu\/wp-content\/uploads\/2024\/12\/logo_AD.png\",\"contentUrl\":\"https:\/\/alfoldident.hu\/wp-content\/uploads\/2024\/12\/logo_AD.png\",\"width\":178,\"height\":92,\"caption\":\"Alf\u00f6ldi Dent\"},\"image\":{\"@id\":\"https:\/\/alfoldident.hu\/#\/schema\/logo\/image\/\"}}]}<\/script>\n<!-- \/ Yoast SEO plugin. -->","yoast_head_json":{"title":"Condiciones generales del contrato - Alf\u00f6ldi Dental","robots":{"index":"index","follow":"follow","max-snippet":"max-snippet:-1","max-image-preview":"max-image-preview:large","max-video-preview":"max-video-preview:-1"},"canonical":"https:\/\/alfoldident.hu\/es\/condiciones-generales-del-contrato\/","og_locale":"es_ES","og_type":"article","og_title":"Condiciones generales del contrato - Alf\u00f6ldi Dental","og_url":"https:\/\/alfoldident.hu\/es\/condiciones-generales-del-contrato\/","og_site_name":"Alf\u00f6ldi Dental","article_modified_time":"2025-05-22T12:06:12+00:00","twitter_card":"summary_large_image","twitter_misc":{"Tiempo de lectura":"11 minutos"},"schema":{"@context":"https:\/\/schema.org","@graph":[{"@type":"WebPage","@id":"https:\/\/alfoldident.hu\/es\/condiciones-generales-del-contrato\/","url":"https:\/\/alfoldident.hu\/es\/condiciones-generales-del-contrato\/","name":"Condiciones generales del contrato - Alf\u00f6ldi Dental","isPartOf":{"@id":"https:\/\/alfoldident.hu\/#website"},"datePublished":"2024-10-10T17:54:01+00:00","dateModified":"2025-05-22T12:06:12+00:00","breadcrumb":{"@id":"https:\/\/alfoldident.hu\/es\/condiciones-generales-del-contrato\/#breadcrumb"},"inLanguage":"es","potentialAction":[{"@type":"ReadAction","target":["https:\/\/alfoldident.hu\/es\/condiciones-generales-del-contrato\/"]}]},{"@type":"BreadcrumbList","@id":"https:\/\/alfoldident.hu\/es\/condiciones-generales-del-contrato\/#breadcrumb","itemListElement":[{"@type":"ListItem","position":1,"name":"Kezd\u0151lap","item":"https:\/\/alfoldident.hu\/es\/inicio\/"},{"@type":"ListItem","position":2,"name":"Condiciones generales del contrato"}]},{"@type":"WebSite","@id":"https:\/\/alfoldident.hu\/#website","url":"https:\/\/alfoldident.hu\/","name":"Alf\u00f6ldi Dent","description":"","publisher":{"@id":"https:\/\/alfoldident.hu\/#organization"},"potentialAction":[{"@type":"SearchAction","target":{"@type":"EntryPoint","urlTemplate":"https:\/\/alfoldident.hu\/?s={search_term_string}"},"query-input":{"@type":"PropertyValueSpecification","valueRequired":true,"valueName":"search_term_string"}}],"inLanguage":"es"},{"@type":"Organization","@id":"https:\/\/alfoldident.hu\/#organization","name":"Alf\u00f6ldi Dent","url":"https:\/\/alfoldident.hu\/","logo":{"@type":"ImageObject","inLanguage":"es","@id":"https:\/\/alfoldident.hu\/#\/schema\/logo\/image\/","url":"https:\/\/alfoldident.hu\/wp-content\/uploads\/2024\/12\/logo_AD.png","contentUrl":"https:\/\/alfoldident.hu\/wp-content\/uploads\/2024\/12\/logo_AD.png","width":178,"height":92,"caption":"Alf\u00f6ldi Dent"},"image":{"@id":"https:\/\/alfoldident.hu\/#\/schema\/logo\/image\/"}}]}},"_links":{"self":[{"href":"https:\/\/alfoldident.hu\/es\/wp-json\/wp\/v2\/pages\/2058","targetHints":{"allow":["GET"]}}],"collection":[{"href":"https:\/\/alfoldident.hu\/es\/wp-json\/wp\/v2\/pages"}],"about":[{"href":"https:\/\/alfoldident.hu\/es\/wp-json\/wp\/v2\/types\/page"}],"author":[{"embeddable":true,"href":"https:\/\/alfoldident.hu\/es\/wp-json\/wp\/v2\/users\/1"}],"replies":[{"embeddable":true,"href":"https:\/\/alfoldident.hu\/es\/wp-json\/wp\/v2\/comments?post=2058"}],"version-history":[{"count":3,"href":"https:\/\/alfoldident.hu\/es\/wp-json\/wp\/v2\/pages\/2058\/revisions"}],"predecessor-version":[{"id":2061,"href":"https:\/\/alfoldident.hu\/es\/wp-json\/wp\/v2\/pages\/2058\/revisions\/2061"}],"wp:attachment":[{"href":"https:\/\/alfoldident.hu\/es\/wp-json\/wp\/v2\/media?parent=2058"}],"curies":[{"name":"wp","href":"https:\/\/api.w.org\/{rel}","templated":true}]}}