{"id":1883,"date":"2024-12-20T11:38:54","date_gmt":"2024-12-20T10:38:54","guid":{"rendered":"https:\/\/alfoldident.hu\/adatkezelesi-tajekoztato-sutik-kezelese\/"},"modified":"2025-05-07T17:30:42","modified_gmt":"2025-05-07T15:30:42","slug":"politica-de-privacidad-gestion-de-cookies","status":"publish","type":"page","link":"https:\/\/alfoldident.hu\/es\/politica-de-privacidad-gestion-de-cookies\/","title":{"rendered":"Pol\u00edtica de privacidad (gesti\u00f3n de cookies)"},"content":{"rendered":"<div id='av_section_1'  class='avia-section av-dt97x-5fd0ca93a1af1ca019b505793505d9d6 main_color avia-section-default avia-no-border-styling  avia-builder-el-0  avia-builder-el-no-sibling  avia-bg-style-scroll container_wrap fullsize'  ><div class='container av-section-cont-open' ><main  role=\"main\" itemprop=\"mainContentOfPage\"  class='template-page content  av-content-full alpha units'><div class='post-entry post-entry-type-page post-entry-1883'><div class='entry-content-wrapper clearfix'>\n\n<style type=\"text\/css\" data-created_by=\"avia_inline_auto\" id=\"style-css-av-m4wmdlpl-94c69975b54b18c1a5a57aa847e82817\">\n#top .av-special-heading.av-m4wmdlpl-94c69975b54b18c1a5a57aa847e82817{\npadding-bottom:10px;\nfont-size:36px;\n}\nbody .av-special-heading.av-m4wmdlpl-94c69975b54b18c1a5a57aa847e82817 .av-special-heading-tag .heading-char{\nfont-size:25px;\n}\n#top #wrap_all .av-special-heading.av-m4wmdlpl-94c69975b54b18c1a5a57aa847e82817 .av-special-heading-tag{\nfont-size:36px;\n}\n.av-special-heading.av-m4wmdlpl-94c69975b54b18c1a5a57aa847e82817 .av-subheading{\nfont-size:15px;\n}\n\n@media only screen and (min-width: 480px) and (max-width: 767px){ \n#top #wrap_all .av-special-heading.av-m4wmdlpl-94c69975b54b18c1a5a57aa847e82817 .av-special-heading-tag{\nfont-size:0.8em;\n}\n}\n\n@media only screen and (max-width: 479px){ \n#top #wrap_all .av-special-heading.av-m4wmdlpl-94c69975b54b18c1a5a57aa847e82817 .av-special-heading-tag{\nfont-size:0.8em;\n}\n}\n<\/style>\n<div  class='av-special-heading av-m4wmdlpl-94c69975b54b18c1a5a57aa847e82817 av-special-heading-h1 blockquote modern-quote  avia-builder-el-1  el_before_av_textblock  avia-builder-el-first  av-inherit-size'><h1 class='av-special-heading-tag '  itemprop=\"headline\"  >Pol\u00edtica de privacidad (gesti\u00f3n de cookies)<\/h1><div class=\"special-heading-border\"><div class=\"special-heading-inner-border\"><\/div><\/div><\/div>\n<section  class='av_textblock_section av-7ytlp-262de1af741b25ae798349c464f312c7 '   itemscope=\"itemscope\" itemtype=\"https:\/\/schema.org\/CreativeWork\" ><div class='avia_textblock'  itemprop=\"text\" ><p>Estimado usuario:<\/p>\n<p>Lea atentamente el siguiente aviso de privacidad antes de continuar navegando por nuestro sitio web.<\/p>\n<p><strong>Representante del responsable del tratamiento<\/strong><\/p>\n<p class=\"x_MsoNormal\">Nombre: Alf\u00f6ldi Dental System Fog\u00e1szati \u00e9s Kereskedelmi Kft.<br \/>\nDomicilio \/domicilio social\/: 1111 Budapest, Szent Gell\u00e9rt t\u00e9r 3. I\/2.<br \/>\nTel\u00e9fono\/Fax: +36 1 368 2846<br \/>\nCorreo electr\u00f3nico: alf\u00f6ldident@gmail.com<br \/>\nRepresentado por: Dr. Antal Alf\u00f6ldi \u2013 gerente<\/p>\n<p><strong>Finalidad del tratamiento de los datos:<\/strong> Para garantizar el funcionamiento eficiente de nuestro sitio web, mejorar la experiencia del usuario, apoyar la navegaci\u00f3n y mostrar contenido y anuncios relevantes.<\/p>\n<p><strong>Base legal del tratamiento de datos:<\/strong> La licitud de nuestro tratamiento de datos est\u00e1 garantizada por su consentimiento voluntario, que usted proporciona al aceptar sus iniciativas de cookies en el sitio web.<\/p>\n<p><strong>Alcance de los datos personales:<\/strong> Las cookies que acepte tambi\u00e9n pueden almacenar informaci\u00f3n an\u00f3nima e identificable. Sus categor\u00edas son:<\/p>\n<p>\u00b7\u00a0\u00a0\u00a0\u00a0\u00a0 <strong>Cookies necesarias:<\/strong> Proporcionan una funcionalidad b\u00e1sica y no almacenan informaci\u00f3n de identificaci\u00f3n personal.<\/p>\n<p>\u00b7\u00a0\u00a0\u00a0\u00a0\u00a0 <strong>Cookies funcionales:<\/strong> Ayudan a realizar ciertas funciones, por ejemplo, compartir contenido en las redes sociales.<\/p>\n<p>\u00b7\u00a0\u00a0\u00a0\u00a0\u00a0<strong> Cookies anal\u00edticas:<\/strong> Se utilizan para analizar las visitas y el uso del sitio web.<\/p>\n<p>\u00b7\u00a0\u00a0\u00a0\u00a0\u00a0 <strong>Cookies de rendimiento:<\/strong> Apoyan el an\u00e1lisis de los indicadores clave de rendimiento del sitio web.<\/p>\n<p>\u00b7\u00a0\u00a0\u00a0\u00a0\u00a0<strong> Cookies publicitarias:<\/strong> Muestran anuncios personalizados en funci\u00f3n de sus preferencias.<\/p>\n<p><strong>Destinatarios:<\/strong> En ning\u00fan caso pondremos datos a disposici\u00f3n de personas no autorizadas. En el caso de las cookies de terceros, el tratamiento de datos se lleva a cabo de acuerdo con la pol\u00edtica del proveedor en cuesti\u00f3n.<\/p>\n<p><strong>Transferencia de datos al extranjero:<\/strong> Los datos solo se transferir\u00e1n al extranjero con su consentimiento.<\/p>\n<p><strong>Tiempo de almacenamiento de datos:<\/strong> La vida \u00fatil de cada cookie puede ser diferente, las cookies de sesi\u00f3n son temporales, mientras que el per\u00edodo de retenci\u00f3n de las cookies permanentes est\u00e1 determinado por su consentimiento.<\/p>\n<p><strong>Sus derechos con respecto al tratamiento de datos:<\/strong><\/p>\n<p>\u00b7\u00a0 \u00a0 \u00a0 Tiene derecho a ser informado con antelaci\u00f3n sobre el tratamiento.<\/p>\n<p>\u00b7\u00a0 \u00a0 \u00a0 Puede elegir habilitar o deshabilitar el uso de cada cookie.<\/p>\n<p>\u00b7\u00a0 \u00a0 \u00a0 Puede solicitar la rectificaci\u00f3n, supresi\u00f3n o limitaci\u00f3n del tratamiento de los datos.<\/p>\n<p><strong>Recursos disponibles:<\/strong> Si considera que nuestro tratamiento de datos no es l\u00edcito, podr\u00e1 acudir a la Autoridad Nacional de Protecci\u00f3n de Datos y Libertad de Informaci\u00f3n (Direcci\u00f3n postal: 1374 Budapest, Pf. 603., correo electr\u00f3nico:<a href=\"mailto:ugyfelszolgalat@naih.hu\"> ugyfelszolgalat@naih.hu<\/a>) o a los tribunales.<\/p>\n<p><strong>Fuente de datos:<\/strong> Los datos se recopilar\u00e1n autom\u00e1ticamente cuando visite nuestro sitio web.<\/p>\n<p><strong>Toma de decisiones automatizada:<\/strong> No la realizamos, no tomamos decisiones sobre sus datos sin intervenci\u00f3n humana.<\/p>\n<p><strong>Medidas de seguridad de los datos:<\/strong> Proporcionamos el m\u00e1s alto nivel de protecci\u00f3n a los datos recopilados por las cookies. Utilizamos sistemas inform\u00e1ticos protegidos con contrase\u00f1a y controlamos el acceso.<\/p>\n<p><strong>Riesgos:<\/strong> Puede haber, por ejemplo, accesos no autorizados, robo de medios de datos, pero para evitarlos, nos adherimos a las medidas de seguridad de manera constante.<\/p>\n<p><strong>Gesti\u00f3n de incidentes: <\/strong>Si la seguridad de los datos tratados por las cookies se ve comprometida, en funci\u00f3n de la gravedad del incidente, tomaremos medidas obligatorias y se lo notificaremos a la autoridad y a usted.<\/p>\n<\/div><\/section>\n\n","protected":false},"excerpt":{"rendered":"","protected":false},"author":1,"featured_media":0,"parent":0,"menu_order":0,"comment_status":"closed","ping_status":"closed","template":"","meta":{"footnotes":""},"class_list":["post-1883","page","type-page","status-publish","hentry"],"yoast_head":"<!-- This site is optimized with the Yoast SEO plugin v24.0 - https:\/\/yoast.com\/wordpress\/plugins\/seo\/ -->\n<title>Pol\u00edtica de privacidad (gesti\u00f3n de cookies) - Alf\u00f6ldi Dental<\/title>\n<meta name=\"robots\" content=\"index, follow, max-snippet:-1, max-image-preview:large, max-video-preview:-1\" \/>\n<link rel=\"canonical\" href=\"https:\/\/alfoldident.hu\/es\/politica-de-privacidad-gestion-de-cookies\/\" \/>\n<meta property=\"og:locale\" content=\"es_ES\" \/>\n<meta property=\"og:type\" content=\"article\" \/>\n<meta property=\"og:title\" content=\"Pol\u00edtica de privacidad (gesti\u00f3n de cookies) - Alf\u00f6ldi Dental\" \/>\n<meta property=\"og:url\" content=\"https:\/\/alfoldident.hu\/es\/politica-de-privacidad-gestion-de-cookies\/\" \/>\n<meta property=\"og:site_name\" content=\"Alf\u00f6ldi Dental\" \/>\n<meta property=\"article:modified_time\" content=\"2025-05-07T15:30:42+00:00\" \/>\n<meta name=\"twitter:card\" content=\"summary_large_image\" \/>\n<meta name=\"twitter:label1\" content=\"Tiempo de lectura\" \/>\n\t<meta name=\"twitter:data1\" content=\"3 minutos\" \/>\n<script type=\"application\/ld+json\" class=\"yoast-schema-graph\">{\"@context\":\"https:\/\/schema.org\",\"@graph\":[{\"@type\":\"WebPage\",\"@id\":\"https:\/\/alfoldident.hu\/es\/politica-de-privacidad-gestion-de-cookies\/\",\"url\":\"https:\/\/alfoldident.hu\/es\/politica-de-privacidad-gestion-de-cookies\/\",\"name\":\"Pol\u00edtica de privacidad (gesti\u00f3n de cookies) - Alf\u00f6ldi Dental\",\"isPartOf\":{\"@id\":\"https:\/\/alfoldident.hu\/#website\"},\"datePublished\":\"2024-12-20T10:38:54+00:00\",\"dateModified\":\"2025-05-07T15:30:42+00:00\",\"breadcrumb\":{\"@id\":\"https:\/\/alfoldident.hu\/es\/politica-de-privacidad-gestion-de-cookies\/#breadcrumb\"},\"inLanguage\":\"es\",\"potentialAction\":[{\"@type\":\"ReadAction\",\"target\":[\"https:\/\/alfoldident.hu\/es\/politica-de-privacidad-gestion-de-cookies\/\"]}]},{\"@type\":\"BreadcrumbList\",\"@id\":\"https:\/\/alfoldident.hu\/es\/politica-de-privacidad-gestion-de-cookies\/#breadcrumb\",\"itemListElement\":[{\"@type\":\"ListItem\",\"position\":1,\"name\":\"Kezd\u0151lap\",\"item\":\"https:\/\/alfoldident.hu\/es\/inicio\/\"},{\"@type\":\"ListItem\",\"position\":2,\"name\":\"Pol\u00edtica de privacidad (gesti\u00f3n de cookies)\"}]},{\"@type\":\"WebSite\",\"@id\":\"https:\/\/alfoldident.hu\/#website\",\"url\":\"https:\/\/alfoldident.hu\/\",\"name\":\"Alf\u00f6ldi Dent\",\"description\":\"\",\"publisher\":{\"@id\":\"https:\/\/alfoldident.hu\/#organization\"},\"potentialAction\":[{\"@type\":\"SearchAction\",\"target\":{\"@type\":\"EntryPoint\",\"urlTemplate\":\"https:\/\/alfoldident.hu\/?s={search_term_string}\"},\"query-input\":{\"@type\":\"PropertyValueSpecification\",\"valueRequired\":true,\"valueName\":\"search_term_string\"}}],\"inLanguage\":\"es\"},{\"@type\":\"Organization\",\"@id\":\"https:\/\/alfoldident.hu\/#organization\",\"name\":\"Alf\u00f6ldi Dent\",\"url\":\"https:\/\/alfoldident.hu\/\",\"logo\":{\"@type\":\"ImageObject\",\"inLanguage\":\"es\",\"@id\":\"https:\/\/alfoldident.hu\/#\/schema\/logo\/image\/\",\"url\":\"https:\/\/alfoldident.hu\/wp-content\/uploads\/2024\/12\/logo_AD.png\",\"contentUrl\":\"https:\/\/alfoldident.hu\/wp-content\/uploads\/2024\/12\/logo_AD.png\",\"width\":178,\"height\":92,\"caption\":\"Alf\u00f6ldi Dent\"},\"image\":{\"@id\":\"https:\/\/alfoldident.hu\/#\/schema\/logo\/image\/\"}}]}<\/script>\n<!-- \/ Yoast SEO plugin. -->","yoast_head_json":{"title":"Pol\u00edtica de privacidad (gesti\u00f3n de cookies) - Alf\u00f6ldi Dental","robots":{"index":"index","follow":"follow","max-snippet":"max-snippet:-1","max-image-preview":"max-image-preview:large","max-video-preview":"max-video-preview:-1"},"canonical":"https:\/\/alfoldident.hu\/es\/politica-de-privacidad-gestion-de-cookies\/","og_locale":"es_ES","og_type":"article","og_title":"Pol\u00edtica de privacidad (gesti\u00f3n de cookies) - Alf\u00f6ldi Dental","og_url":"https:\/\/alfoldident.hu\/es\/politica-de-privacidad-gestion-de-cookies\/","og_site_name":"Alf\u00f6ldi Dental","article_modified_time":"2025-05-07T15:30:42+00:00","twitter_card":"summary_large_image","twitter_misc":{"Tiempo de lectura":"3 minutos"},"schema":{"@context":"https:\/\/schema.org","@graph":[{"@type":"WebPage","@id":"https:\/\/alfoldident.hu\/es\/politica-de-privacidad-gestion-de-cookies\/","url":"https:\/\/alfoldident.hu\/es\/politica-de-privacidad-gestion-de-cookies\/","name":"Pol\u00edtica de privacidad (gesti\u00f3n de cookies) - Alf\u00f6ldi Dental","isPartOf":{"@id":"https:\/\/alfoldident.hu\/#website"},"datePublished":"2024-12-20T10:38:54+00:00","dateModified":"2025-05-07T15:30:42+00:00","breadcrumb":{"@id":"https:\/\/alfoldident.hu\/es\/politica-de-privacidad-gestion-de-cookies\/#breadcrumb"},"inLanguage":"es","potentialAction":[{"@type":"ReadAction","target":["https:\/\/alfoldident.hu\/es\/politica-de-privacidad-gestion-de-cookies\/"]}]},{"@type":"BreadcrumbList","@id":"https:\/\/alfoldident.hu\/es\/politica-de-privacidad-gestion-de-cookies\/#breadcrumb","itemListElement":[{"@type":"ListItem","position":1,"name":"Kezd\u0151lap","item":"https:\/\/alfoldident.hu\/es\/inicio\/"},{"@type":"ListItem","position":2,"name":"Pol\u00edtica de privacidad (gesti\u00f3n de cookies)"}]},{"@type":"WebSite","@id":"https:\/\/alfoldident.hu\/#website","url":"https:\/\/alfoldident.hu\/","name":"Alf\u00f6ldi Dent","description":"","publisher":{"@id":"https:\/\/alfoldident.hu\/#organization"},"potentialAction":[{"@type":"SearchAction","target":{"@type":"EntryPoint","urlTemplate":"https:\/\/alfoldident.hu\/?s={search_term_string}"},"query-input":{"@type":"PropertyValueSpecification","valueRequired":true,"valueName":"search_term_string"}}],"inLanguage":"es"},{"@type":"Organization","@id":"https:\/\/alfoldident.hu\/#organization","name":"Alf\u00f6ldi Dent","url":"https:\/\/alfoldident.hu\/","logo":{"@type":"ImageObject","inLanguage":"es","@id":"https:\/\/alfoldident.hu\/#\/schema\/logo\/image\/","url":"https:\/\/alfoldident.hu\/wp-content\/uploads\/2024\/12\/logo_AD.png","contentUrl":"https:\/\/alfoldident.hu\/wp-content\/uploads\/2024\/12\/logo_AD.png","width":178,"height":92,"caption":"Alf\u00f6ldi Dent"},"image":{"@id":"https:\/\/alfoldident.hu\/#\/schema\/logo\/image\/"}}]}},"_links":{"self":[{"href":"https:\/\/alfoldident.hu\/es\/wp-json\/wp\/v2\/pages\/1883","targetHints":{"allow":["GET"]}}],"collection":[{"href":"https:\/\/alfoldident.hu\/es\/wp-json\/wp\/v2\/pages"}],"about":[{"href":"https:\/\/alfoldident.hu\/es\/wp-json\/wp\/v2\/types\/page"}],"author":[{"embeddable":true,"href":"https:\/\/alfoldident.hu\/es\/wp-json\/wp\/v2\/users\/1"}],"replies":[{"embeddable":true,"href":"https:\/\/alfoldident.hu\/es\/wp-json\/wp\/v2\/comments?post=1883"}],"version-history":[{"count":4,"href":"https:\/\/alfoldident.hu\/es\/wp-json\/wp\/v2\/pages\/1883\/revisions"}],"predecessor-version":[{"id":1886,"href":"https:\/\/alfoldident.hu\/es\/wp-json\/wp\/v2\/pages\/1883\/revisions\/1886"}],"wp:attachment":[{"href":"https:\/\/alfoldident.hu\/es\/wp-json\/wp\/v2\/media?parent=1883"}],"curies":[{"name":"wp","href":"https:\/\/api.w.org\/{rel}","templated":true}]}}