{"id":1862,"date":"2024-09-27T18:39:24","date_gmt":"2024-09-27T16:39:24","guid":{"rendered":"https:\/\/alfoldident.hu\/adatkezelesi-tajekoztato\/"},"modified":"2025-05-07T17:18:29","modified_gmt":"2025-05-07T15:18:29","slug":"informacion-de-tratamiento-de-datos","status":"publish","type":"page","link":"https:\/\/alfoldident.hu\/es\/informacion-de-tratamiento-de-datos\/","title":{"rendered":"Informaci\u00f3n de tratamiento de datos (atenci\u00f3n dental \u2013 intervenci\u00f3n dental)"},"content":{"rendered":"<div id='av_section_1'  class='avia-section av-609n-3c58f6d6fea457ab9175ea9237455555 main_color avia-section-default avia-no-border-styling  avia-builder-el-0  avia-builder-el-no-sibling  avia-bg-style-scroll container_wrap fullsize'  ><div class='container av-section-cont-open' ><main  role=\"main\" itemprop=\"mainContentOfPage\"  class='template-page content  av-content-full alpha units'><div class='post-entry post-entry-type-page post-entry-1862'><div class='entry-content-wrapper clearfix'>\n\n<style type=\"text\/css\" data-created_by=\"avia_inline_auto\" id=\"style-css-av-m26fz9zz-e7c49887abee95ff69f84e4ce6a3e5cf\">\n#top .av-special-heading.av-m26fz9zz-e7c49887abee95ff69f84e4ce6a3e5cf{\npadding-bottom:10px;\nfont-size:36px;\n}\nbody .av-special-heading.av-m26fz9zz-e7c49887abee95ff69f84e4ce6a3e5cf .av-special-heading-tag .heading-char{\nfont-size:25px;\n}\n#top #wrap_all .av-special-heading.av-m26fz9zz-e7c49887abee95ff69f84e4ce6a3e5cf .av-special-heading-tag{\nfont-size:36px;\n}\n.av-special-heading.av-m26fz9zz-e7c49887abee95ff69f84e4ce6a3e5cf .av-subheading{\nfont-size:15px;\n}\n\n@media only screen and (min-width: 480px) and (max-width: 767px){ \n#top #wrap_all .av-special-heading.av-m26fz9zz-e7c49887abee95ff69f84e4ce6a3e5cf .av-special-heading-tag{\nfont-size:0.8em;\n}\n}\n\n@media only screen and (max-width: 479px){ \n#top #wrap_all .av-special-heading.av-m26fz9zz-e7c49887abee95ff69f84e4ce6a3e5cf .av-special-heading-tag{\nfont-size:0.8em;\n}\n}\n<\/style>\n<div  class='av-special-heading av-m26fz9zz-e7c49887abee95ff69f84e4ce6a3e5cf av-special-heading-h1 blockquote modern-quote  avia-builder-el-1  el_before_av_textblock  avia-builder-el-first  av-inherit-size'><h1 class='av-special-heading-tag '  itemprop=\"headline\"  >Informaci\u00f3n de tratamiento de datos (atenci\u00f3n dental \u2013 intervenci\u00f3n dental)<\/h1><div class=\"special-heading-border\"><div class=\"special-heading-inner-border\"><\/div><\/div><\/div>\n<section  class='av_textblock_section av-3aob-744082462e3713989108da48acf753d5 '   itemscope=\"itemscope\" itemtype=\"https:\/\/schema.org\/CreativeWork\" ><div class='avia_textblock'  itemprop=\"text\" ><h3>Estimado paciente:<\/h3>\n<p>Lea atentamente la siguiente informaci\u00f3n de tratamiento de datos antes de recibir atenci\u00f3n.<\/p>\n<h3>Representante del responsable del tratamiento<\/h3>\n<p>Nombre: Alf\u00f6ldi Dental System Fog\u00e1szati \u00e9s Kereskedelmi Kft.<br \/>\nDomicilio \/domicilio social\/: 1111 Budapest, Szent Gell\u00e9rt t\u00e9r 3. I\/2.<br \/>\nTel\u00e9fono\/Fax: +36 1 368 2846<br \/>\nCorreo electr\u00f3nico: alf\u00f6ldident@gmail.com<br \/>\nRepresentado por: Dr. Antal Alf\u00f6ldi \u2013 gerente<\/p>\n<p><strong>Finalidad del tratamiento de datos:<\/strong> necesario para todas las actividades de salud que realizamos en relaci\u00f3n con su atenci\u00f3n dental, no solo para la atenci\u00f3n y el tratamiento del paciente en el sentido ordinario, sino tambi\u00e9n para la prevenci\u00f3n de enfermedades y la promoci\u00f3n de la salud<\/p>\n<p><strong>Base legal del tratamiento de datos:<\/strong> La legalidad de nuestro tratamiento de datos es proporcionada por nuestra obligaci\u00f3n legal en virtud de la legislaci\u00f3n nacional, es decir, que debemos recopilar, registrar y tratar sus datos como parte de la documentaci\u00f3n del paciente.<\/p>\n<p><strong>Alcance de los datos personales:<\/strong> sus datos de identificaci\u00f3n personal (por ejemplo, nombre, domicilio, etc.) y otros datos confidenciales (por ejemplo, estado de salud, s\u00edntomas, etc.)<\/p>\n<p><strong>Destinatarios:<\/strong> no ponemos datos a disposici\u00f3n de personas no autorizadas bajo ninguna circunstancia si utilizamos otro proveedor de atenci\u00f3n m\u00e9dica o procesador de datos (por ejemplo, t\u00e9cnico dental), se lo notificaremos de antemano<\/p>\n<p><strong>Transferencia de datos al extranjero:<\/strong> transferimos sus datos al extranjero solo a petici\u00f3n suya<\/p>\n<p><strong>Duraci\u00f3n del almacenamiento de datos:<\/strong> por regla general, sus datos tratados como parte de la documentaci\u00f3n del paciente se conservar\u00e1n durante 30 a\u00f1os, despu\u00e9s de lo cual se destruir\u00e1n<\/p>\n<p><strong>Sus derechos con respecto al tratamiento de datos:<\/strong> Tiene derecho a ser informado con antelaci\u00f3n sobre el tratamiento de datos, a solicitar acceso a la informaci\u00f3n sobre las operaciones de tratamiento de datos, a solicitar la rectificaci\u00f3n, supresi\u00f3n o limitaci\u00f3n del tratamiento<\/p>\n<p><strong>Recursos disponibles:<\/strong> si, en su opini\u00f3n, nuestro tratamiento de datos no es l\u00edcito, podr\u00e1 acudir a la Autoridad Nacional de Protecci\u00f3n de Datos y Libertad de Informaci\u00f3n (Direcci\u00f3n postal: 1374 Budapest, Pf. 603., correo electr\u00f3nico: <a href=\"mailto:ugyfelszolgalat@naih.hu\">ugyfelszolgalat@naih.hu<\/a>) o a los tribunales.<\/p>\n<p><strong>Fuente de datos:<\/strong> obtenemos los datos directamente de usted, a partir del momento en que nos env\u00eda una solicitud de atenci\u00f3n al paciente<\/p>\n<p><strong>Toma de decisiones automatizada:<\/strong> no la realizamos, no tomamos decisiones sobre sus datos sin intervenci\u00f3n humana (por ejemplo, sin elaboraci\u00f3n automatizada de documentaci\u00f3n, creaci\u00f3n de perfiles, etc.)<\/p>\n<p><strong>Medidas de seguridad de los datos:<\/strong> durante el tratamiento y almacenamiento de sus datos, garantizamos una mayor protecci\u00f3n de los datos sensibles que gozan del m\u00e1s alto nivel de protecci\u00f3n. Usamos casilleros y habitaciones cerrados, y mantenemos los documentos en papel bajo control, y usamos herramientas inform\u00e1ticas protegidas por contrase\u00f1a y controlamos el acceso, y la actividad se registra y se puede recuperar.<\/p>\n<p><strong>Riesgos:<\/strong> por supuesto, puede haber robo de medios de datos, acceso no autorizado, etc., pero para evitarlos, las medidas de seguridad se observan\/aplican de manera consistente<\/p>\n<p><strong>Gesti\u00f3n de incidentes:<\/strong> se trata de una violaci\u00f3n de seguridad, en cuyo caso tomaremos medidas obligatorias en funci\u00f3n de la gravedad del incidente, y, de ser necesario, se lo notificaremos a la autoridad y a usted<\/p>\n<p><strong>Consentimiento:<\/strong> el paciente no proporciona los datos bajo el t\u00edtulo de consentimiento, sino la obligaci\u00f3n legal de la cl\u00ednica como proveedor de atenci\u00f3n m\u00e9dica es la base legal para el tratamiento de datos.<\/p>\n<p><strong>Alf\u00f6ldi Dental System Kft.<\/strong><\/p>\n<\/div><\/section>\n\n","protected":false},"excerpt":{"rendered":"","protected":false},"author":1,"featured_media":0,"parent":0,"menu_order":0,"comment_status":"closed","ping_status":"open","template":"","meta":{"footnotes":""},"class_list":["post-1862","page","type-page","status-publish","hentry"],"yoast_head":"<!-- This site is optimized with the Yoast SEO plugin v24.0 - https:\/\/yoast.com\/wordpress\/plugins\/seo\/ -->\n<title>Informaci\u00f3n de tratamiento de datos (atenci\u00f3n dental \u2013 intervenci\u00f3n dental) - Alf\u00f6ldi Dental<\/title>\n<meta name=\"robots\" content=\"index, follow, max-snippet:-1, max-image-preview:large, max-video-preview:-1\" \/>\n<link rel=\"canonical\" href=\"https:\/\/alfoldident.hu\/es\/informacion-de-tratamiento-de-datos\/\" \/>\n<meta property=\"og:locale\" content=\"es_ES\" \/>\n<meta property=\"og:type\" content=\"article\" \/>\n<meta property=\"og:title\" content=\"Informaci\u00f3n de tratamiento de datos (atenci\u00f3n dental \u2013 intervenci\u00f3n dental) - Alf\u00f6ldi Dental\" \/>\n<meta property=\"og:url\" content=\"https:\/\/alfoldident.hu\/es\/informacion-de-tratamiento-de-datos\/\" \/>\n<meta property=\"og:site_name\" content=\"Alf\u00f6ldi Dental\" \/>\n<meta property=\"article:modified_time\" content=\"2025-05-07T15:18:29+00:00\" \/>\n<meta name=\"twitter:card\" content=\"summary_large_image\" \/>\n<meta name=\"twitter:label1\" content=\"Tiempo de lectura\" \/>\n\t<meta name=\"twitter:data1\" content=\"3 minutos\" \/>\n<script type=\"application\/ld+json\" class=\"yoast-schema-graph\">{\"@context\":\"https:\/\/schema.org\",\"@graph\":[{\"@type\":\"WebPage\",\"@id\":\"https:\/\/alfoldident.hu\/es\/informacion-de-tratamiento-de-datos\/\",\"url\":\"https:\/\/alfoldident.hu\/es\/informacion-de-tratamiento-de-datos\/\",\"name\":\"Informaci\u00f3n de tratamiento de datos (atenci\u00f3n dental \u2013 intervenci\u00f3n dental) - Alf\u00f6ldi Dental\",\"isPartOf\":{\"@id\":\"https:\/\/alfoldident.hu\/#website\"},\"datePublished\":\"2024-09-27T16:39:24+00:00\",\"dateModified\":\"2025-05-07T15:18:29+00:00\",\"breadcrumb\":{\"@id\":\"https:\/\/alfoldident.hu\/es\/informacion-de-tratamiento-de-datos\/#breadcrumb\"},\"inLanguage\":\"es\",\"potentialAction\":[{\"@type\":\"ReadAction\",\"target\":[\"https:\/\/alfoldident.hu\/es\/informacion-de-tratamiento-de-datos\/\"]}]},{\"@type\":\"BreadcrumbList\",\"@id\":\"https:\/\/alfoldident.hu\/es\/informacion-de-tratamiento-de-datos\/#breadcrumb\",\"itemListElement\":[{\"@type\":\"ListItem\",\"position\":1,\"name\":\"Kezd\u0151lap\",\"item\":\"https:\/\/alfoldident.hu\/es\/inicio\/\"},{\"@type\":\"ListItem\",\"position\":2,\"name\":\"Informaci\u00f3n de tratamiento de datos (atenci\u00f3n dental \u2013 intervenci\u00f3n dental)\"}]},{\"@type\":\"WebSite\",\"@id\":\"https:\/\/alfoldident.hu\/#website\",\"url\":\"https:\/\/alfoldident.hu\/\",\"name\":\"Alf\u00f6ldi Dent\",\"description\":\"\",\"publisher\":{\"@id\":\"https:\/\/alfoldident.hu\/#organization\"},\"potentialAction\":[{\"@type\":\"SearchAction\",\"target\":{\"@type\":\"EntryPoint\",\"urlTemplate\":\"https:\/\/alfoldident.hu\/?s={search_term_string}\"},\"query-input\":{\"@type\":\"PropertyValueSpecification\",\"valueRequired\":true,\"valueName\":\"search_term_string\"}}],\"inLanguage\":\"es\"},{\"@type\":\"Organization\",\"@id\":\"https:\/\/alfoldident.hu\/#organization\",\"name\":\"Alf\u00f6ldi Dent\",\"url\":\"https:\/\/alfoldident.hu\/\",\"logo\":{\"@type\":\"ImageObject\",\"inLanguage\":\"es\",\"@id\":\"https:\/\/alfoldident.hu\/#\/schema\/logo\/image\/\",\"url\":\"https:\/\/alfoldident.hu\/wp-content\/uploads\/2024\/12\/logo_AD.png\",\"contentUrl\":\"https:\/\/alfoldident.hu\/wp-content\/uploads\/2024\/12\/logo_AD.png\",\"width\":178,\"height\":92,\"caption\":\"Alf\u00f6ldi Dent\"},\"image\":{\"@id\":\"https:\/\/alfoldident.hu\/#\/schema\/logo\/image\/\"}}]}<\/script>\n<!-- \/ Yoast SEO plugin. -->","yoast_head_json":{"title":"Informaci\u00f3n de tratamiento de datos (atenci\u00f3n dental \u2013 intervenci\u00f3n dental) - Alf\u00f6ldi Dental","robots":{"index":"index","follow":"follow","max-snippet":"max-snippet:-1","max-image-preview":"max-image-preview:large","max-video-preview":"max-video-preview:-1"},"canonical":"https:\/\/alfoldident.hu\/es\/informacion-de-tratamiento-de-datos\/","og_locale":"es_ES","og_type":"article","og_title":"Informaci\u00f3n de tratamiento de datos (atenci\u00f3n dental \u2013 intervenci\u00f3n dental) - Alf\u00f6ldi Dental","og_url":"https:\/\/alfoldident.hu\/es\/informacion-de-tratamiento-de-datos\/","og_site_name":"Alf\u00f6ldi Dental","article_modified_time":"2025-05-07T15:18:29+00:00","twitter_card":"summary_large_image","twitter_misc":{"Tiempo de lectura":"3 minutos"},"schema":{"@context":"https:\/\/schema.org","@graph":[{"@type":"WebPage","@id":"https:\/\/alfoldident.hu\/es\/informacion-de-tratamiento-de-datos\/","url":"https:\/\/alfoldident.hu\/es\/informacion-de-tratamiento-de-datos\/","name":"Informaci\u00f3n de tratamiento de datos (atenci\u00f3n dental \u2013 intervenci\u00f3n dental) - Alf\u00f6ldi Dental","isPartOf":{"@id":"https:\/\/alfoldident.hu\/#website"},"datePublished":"2024-09-27T16:39:24+00:00","dateModified":"2025-05-07T15:18:29+00:00","breadcrumb":{"@id":"https:\/\/alfoldident.hu\/es\/informacion-de-tratamiento-de-datos\/#breadcrumb"},"inLanguage":"es","potentialAction":[{"@type":"ReadAction","target":["https:\/\/alfoldident.hu\/es\/informacion-de-tratamiento-de-datos\/"]}]},{"@type":"BreadcrumbList","@id":"https:\/\/alfoldident.hu\/es\/informacion-de-tratamiento-de-datos\/#breadcrumb","itemListElement":[{"@type":"ListItem","position":1,"name":"Kezd\u0151lap","item":"https:\/\/alfoldident.hu\/es\/inicio\/"},{"@type":"ListItem","position":2,"name":"Informaci\u00f3n de tratamiento de datos (atenci\u00f3n dental \u2013 intervenci\u00f3n dental)"}]},{"@type":"WebSite","@id":"https:\/\/alfoldident.hu\/#website","url":"https:\/\/alfoldident.hu\/","name":"Alf\u00f6ldi Dent","description":"","publisher":{"@id":"https:\/\/alfoldident.hu\/#organization"},"potentialAction":[{"@type":"SearchAction","target":{"@type":"EntryPoint","urlTemplate":"https:\/\/alfoldident.hu\/?s={search_term_string}"},"query-input":{"@type":"PropertyValueSpecification","valueRequired":true,"valueName":"search_term_string"}}],"inLanguage":"es"},{"@type":"Organization","@id":"https:\/\/alfoldident.hu\/#organization","name":"Alf\u00f6ldi Dent","url":"https:\/\/alfoldident.hu\/","logo":{"@type":"ImageObject","inLanguage":"es","@id":"https:\/\/alfoldident.hu\/#\/schema\/logo\/image\/","url":"https:\/\/alfoldident.hu\/wp-content\/uploads\/2024\/12\/logo_AD.png","contentUrl":"https:\/\/alfoldident.hu\/wp-content\/uploads\/2024\/12\/logo_AD.png","width":178,"height":92,"caption":"Alf\u00f6ldi Dent"},"image":{"@id":"https:\/\/alfoldident.hu\/#\/schema\/logo\/image\/"}}]}},"_links":{"self":[{"href":"https:\/\/alfoldident.hu\/es\/wp-json\/wp\/v2\/pages\/1862","targetHints":{"allow":["GET"]}}],"collection":[{"href":"https:\/\/alfoldident.hu\/es\/wp-json\/wp\/v2\/pages"}],"about":[{"href":"https:\/\/alfoldident.hu\/es\/wp-json\/wp\/v2\/types\/page"}],"author":[{"embeddable":true,"href":"https:\/\/alfoldident.hu\/es\/wp-json\/wp\/v2\/users\/1"}],"replies":[{"embeddable":true,"href":"https:\/\/alfoldident.hu\/es\/wp-json\/wp\/v2\/comments?post=1862"}],"version-history":[{"count":5,"href":"https:\/\/alfoldident.hu\/es\/wp-json\/wp\/v2\/pages\/1862\/revisions"}],"predecessor-version":[{"id":1880,"href":"https:\/\/alfoldident.hu\/es\/wp-json\/wp\/v2\/pages\/1862\/revisions\/1880"}],"wp:attachment":[{"href":"https:\/\/alfoldident.hu\/es\/wp-json\/wp\/v2\/media?parent=1862"}],"curies":[{"name":"wp","href":"https:\/\/api.w.org\/{rel}","templated":true}]}}