{"id":2730,"date":"2024-10-10T19:54:10","date_gmt":"2024-10-10T17:54:10","guid":{"rendered":"https:\/\/alfoldident.hu\/garancia\/"},"modified":"2026-05-04T16:30:57","modified_gmt":"2026-05-04T14:30:57","slug":"garantie","status":"publish","type":"page","link":"https:\/\/alfoldident.hu\/de\/garantie\/","title":{"rendered":"Garantie"},"content":{"rendered":"<div id='av_section_1'  class='avia-section av-hjfn2-851f794829c78ce395665936ec74e1f9 main_color avia-section-default avia-no-border-styling  avia-builder-el-0  avia-builder-el-no-sibling  avia-bg-style-scroll container_wrap fullsize'  ><div class='container av-section-cont-open' ><main  role=\"main\" itemprop=\"mainContentOfPage\"  class='template-page content  av-content-full alpha units'><div class='post-entry post-entry-type-page post-entry-2730'><div class='entry-content-wrapper clearfix'>\n\n<style type=\"text\/css\" data-created_by=\"avia_inline_auto\" id=\"style-css-av-m26g1afa-063b8bc4d7e6ab46cbc7f30fa4376f58\">\n#top .av-special-heading.av-m26g1afa-063b8bc4d7e6ab46cbc7f30fa4376f58{\npadding-bottom:10px;\n}\nbody .av-special-heading.av-m26g1afa-063b8bc4d7e6ab46cbc7f30fa4376f58 .av-special-heading-tag .heading-char{\nfont-size:25px;\n}\n.av-special-heading.av-m26g1afa-063b8bc4d7e6ab46cbc7f30fa4376f58 .av-subheading{\nfont-size:15px;\n}\n<\/style>\n<div  class='av-special-heading av-m26g1afa-063b8bc4d7e6ab46cbc7f30fa4376f58 av-special-heading-h1 blockquote modern-quote  avia-builder-el-1  el_before_av_textblock  avia-builder-el-first '><h1 class='av-special-heading-tag '  itemprop=\"headline\"  >Garantie<\/h1><div class=\"special-heading-border\"><div class=\"special-heading-inner-border\"><\/div><\/div><\/div>\n<section  class='av_textblock_section av-b5o1a-a76a77cb6b63d013f1ae0a5ae9037d69 '   itemscope=\"itemscope\" itemtype=\"https:\/\/schema.org\/CreativeWork\" ><div class='avia_textblock'  itemprop=\"text\" ><p>Die Alf\u00f6ldi Dental System Kft. gew\u00e4hrt auf die von ihr durchgef\u00fchrten Behandlungen eine Garantie gem\u00e4\u00df den nachstehenden Bedingungen.<\/p>\n<p>Etwaige Garantieanspr\u00fcche k\u00f6nnen nach vorheriger Konsultation ausschlie\u00dflich in der Praxis der Alf\u00f6ldi Dental System Kft. geltend gemacht werden.<\/p>\n<p><strong>Garantiezeiten<\/strong><\/p>\n<ul>\n<li>Implantate (bei Implantatverlust oder Lockerung): 5 (f\u00fcnf) Jahre Garantie<br \/>\n<em>(Ausgenommen von der Garantie sind Implantataufbauten, implantatgetragene prothetische Versorgungen wie Kronen und Br\u00fccken sowie Reise- und \u00dcbernachtungskosten.)<\/em><\/li>\n<li>Implantataufbauten: 2 (zwei) Jahre Garantie<\/li>\n<li>Festsitzender Zahnersatz: 1 (ein) Jahr Garantie<\/li>\n<li>Herausnehmbarer Zahnersatz: 1 (ein) Jahr Garantie<\/li>\n<li>Keramikverblendungen: 1 (ein) Jahr Garantie<\/li>\n<li>F\u00fcllungen und Inlays: 1 (ein) Jahr Garantie<\/li>\n<\/ul>\n<p><strong>Voraussetzungen f\u00fcr die Garantie bei Implantatbehandlungen<\/strong><\/p>\n<p>Die Garantie wird nur gew\u00e4hrt, wenn der Patient die folgenden Bedingungen einh\u00e4lt:<\/p>\n<ul>\n<li>Einhaltung der vom behandelnden Arzt empfohlenen Mundhygienevorschriften<\/li>\n<li>Wahrnehmung regelm\u00e4\u00dfiger Kontrolluntersuchungen im Abstand von 6 Monaten<\/li>\n<li>Durchf\u00fchrung notwendiger, vom behandelnden Arzt empfohlener Folgebehandlungen innerhalb von 30 Tagen<\/li>\n<\/ul>\n<p><strong>Ausschluss der Garantie<\/strong><\/p>\n<p>Die Garantie entf\u00e4llt insbesondere in folgenden F\u00e4llen:<\/p>\n<ul>\n<li>Der Misserfolg der Behandlung wird durch gesundheitliche Faktoren verursacht, die nicht mit der zahn\u00e4rztlichen Behandlung in Zusammenhang stehen<\/li>\n<li>Alkohol- oder Drogenabh\u00e4ngigkeit des Patienten steht in Zusammenhang mit dem Misserfolg der Behandlung<\/li>\n<li>Der betreffende Zahn oder das Implantat wird in einer anderen Praxis behandelt<\/li>\n<li>Gegen\u00fcber dem Dienstleister bestehen offene Zahlungsr\u00fcckst\u00e4nde<\/li>\n<\/ul>\n<\/div><\/section>\n\n","protected":false},"excerpt":{"rendered":"","protected":false},"author":1,"featured_media":0,"parent":0,"menu_order":0,"comment_status":"closed","ping_status":"closed","template":"","meta":{"footnotes":""},"class_list":["post-2730","page","type-page","status-publish","hentry"],"yoast_head":"<!-- This site is optimized with the Yoast SEO plugin v24.0 - https:\/\/yoast.com\/wordpress\/plugins\/seo\/ -->\n<title>Garantie - Alf\u00f6ldi Dental<\/title>\n<meta name=\"robots\" content=\"index, follow, max-snippet:-1, max-image-preview:large, max-video-preview:-1\" \/>\n<link rel=\"canonical\" href=\"https:\/\/alfoldident.hu\/de\/garantie\/\" \/>\n<meta property=\"og:locale\" content=\"de_DE\" \/>\n<meta property=\"og:type\" content=\"article\" \/>\n<meta property=\"og:title\" content=\"Garantie - Alf\u00f6ldi Dental\" \/>\n<meta property=\"og:url\" content=\"https:\/\/alfoldident.hu\/de\/garantie\/\" \/>\n<meta property=\"og:site_name\" content=\"Alf\u00f6ldi Dental\" \/>\n<meta property=\"article:modified_time\" content=\"2026-05-04T14:30:57+00:00\" \/>\n<meta name=\"twitter:card\" content=\"summary_large_image\" \/>\n<meta name=\"twitter:label1\" content=\"Gesch\u00e4tzte Lesezeit\" \/>\n\t<meta name=\"twitter:data1\" content=\"2\u00a0Minuten\" \/>\n<script type=\"application\/ld+json\" class=\"yoast-schema-graph\">{\"@context\":\"https:\/\/schema.org\",\"@graph\":[{\"@type\":\"WebPage\",\"@id\":\"https:\/\/alfoldident.hu\/de\/garantie\/\",\"url\":\"https:\/\/alfoldident.hu\/de\/garantie\/\",\"name\":\"Garantie - Alf\u00f6ldi Dental\",\"isPartOf\":{\"@id\":\"https:\/\/alfoldident.hu\/#website\"},\"datePublished\":\"2024-10-10T17:54:10+00:00\",\"dateModified\":\"2026-05-04T14:30:57+00:00\",\"breadcrumb\":{\"@id\":\"https:\/\/alfoldident.hu\/de\/garantie\/#breadcrumb\"},\"inLanguage\":\"de\",\"potentialAction\":[{\"@type\":\"ReadAction\",\"target\":[\"https:\/\/alfoldident.hu\/de\/garantie\/\"]}]},{\"@type\":\"BreadcrumbList\",\"@id\":\"https:\/\/alfoldident.hu\/de\/garantie\/#breadcrumb\",\"itemListElement\":[{\"@type\":\"ListItem\",\"position\":1,\"name\":\"Kezd\u0151lap\",\"item\":\"https:\/\/alfoldident.hu\/de\/startseite\/\"},{\"@type\":\"ListItem\",\"position\":2,\"name\":\"Garantie\"}]},{\"@type\":\"WebSite\",\"@id\":\"https:\/\/alfoldident.hu\/#website\",\"url\":\"https:\/\/alfoldident.hu\/\",\"name\":\"Alf\u00f6ldi Dent\",\"description\":\"\",\"publisher\":{\"@id\":\"https:\/\/alfoldident.hu\/#organization\"},\"potentialAction\":[{\"@type\":\"SearchAction\",\"target\":{\"@type\":\"EntryPoint\",\"urlTemplate\":\"https:\/\/alfoldident.hu\/?s={search_term_string}\"},\"query-input\":{\"@type\":\"PropertyValueSpecification\",\"valueRequired\":true,\"valueName\":\"search_term_string\"}}],\"inLanguage\":\"de\"},{\"@type\":\"Organization\",\"@id\":\"https:\/\/alfoldident.hu\/#organization\",\"name\":\"Alf\u00f6ldi Dent\",\"url\":\"https:\/\/alfoldident.hu\/\",\"logo\":{\"@type\":\"ImageObject\",\"inLanguage\":\"de\",\"@id\":\"https:\/\/alfoldident.hu\/#\/schema\/logo\/image\/\",\"url\":\"https:\/\/alfoldident.hu\/wp-content\/uploads\/2024\/12\/logo_AD.png\",\"contentUrl\":\"https:\/\/alfoldident.hu\/wp-content\/uploads\/2024\/12\/logo_AD.png\",\"width\":178,\"height\":92,\"caption\":\"Alf\u00f6ldi Dent\"},\"image\":{\"@id\":\"https:\/\/alfoldident.hu\/#\/schema\/logo\/image\/\"}}]}<\/script>\n<!-- \/ Yoast SEO plugin. -->","yoast_head_json":{"title":"Garantie - Alf\u00f6ldi Dental","robots":{"index":"index","follow":"follow","max-snippet":"max-snippet:-1","max-image-preview":"max-image-preview:large","max-video-preview":"max-video-preview:-1"},"canonical":"https:\/\/alfoldident.hu\/de\/garantie\/","og_locale":"de_DE","og_type":"article","og_title":"Garantie - Alf\u00f6ldi Dental","og_url":"https:\/\/alfoldident.hu\/de\/garantie\/","og_site_name":"Alf\u00f6ldi Dental","article_modified_time":"2026-05-04T14:30:57+00:00","twitter_card":"summary_large_image","twitter_misc":{"Gesch\u00e4tzte Lesezeit":"2\u00a0Minuten"},"schema":{"@context":"https:\/\/schema.org","@graph":[{"@type":"WebPage","@id":"https:\/\/alfoldident.hu\/de\/garantie\/","url":"https:\/\/alfoldident.hu\/de\/garantie\/","name":"Garantie - Alf\u00f6ldi Dental","isPartOf":{"@id":"https:\/\/alfoldident.hu\/#website"},"datePublished":"2024-10-10T17:54:10+00:00","dateModified":"2026-05-04T14:30:57+00:00","breadcrumb":{"@id":"https:\/\/alfoldident.hu\/de\/garantie\/#breadcrumb"},"inLanguage":"de","potentialAction":[{"@type":"ReadAction","target":["https:\/\/alfoldident.hu\/de\/garantie\/"]}]},{"@type":"BreadcrumbList","@id":"https:\/\/alfoldident.hu\/de\/garantie\/#breadcrumb","itemListElement":[{"@type":"ListItem","position":1,"name":"Kezd\u0151lap","item":"https:\/\/alfoldident.hu\/de\/startseite\/"},{"@type":"ListItem","position":2,"name":"Garantie"}]},{"@type":"WebSite","@id":"https:\/\/alfoldident.hu\/#website","url":"https:\/\/alfoldident.hu\/","name":"Alf\u00f6ldi Dent","description":"","publisher":{"@id":"https:\/\/alfoldident.hu\/#organization"},"potentialAction":[{"@type":"SearchAction","target":{"@type":"EntryPoint","urlTemplate":"https:\/\/alfoldident.hu\/?s={search_term_string}"},"query-input":{"@type":"PropertyValueSpecification","valueRequired":true,"valueName":"search_term_string"}}],"inLanguage":"de"},{"@type":"Organization","@id":"https:\/\/alfoldident.hu\/#organization","name":"Alf\u00f6ldi Dent","url":"https:\/\/alfoldident.hu\/","logo":{"@type":"ImageObject","inLanguage":"de","@id":"https:\/\/alfoldident.hu\/#\/schema\/logo\/image\/","url":"https:\/\/alfoldident.hu\/wp-content\/uploads\/2024\/12\/logo_AD.png","contentUrl":"https:\/\/alfoldident.hu\/wp-content\/uploads\/2024\/12\/logo_AD.png","width":178,"height":92,"caption":"Alf\u00f6ldi Dent"},"image":{"@id":"https:\/\/alfoldident.hu\/#\/schema\/logo\/image\/"}}]}},"_links":{"self":[{"href":"https:\/\/alfoldident.hu\/de\/wp-json\/wp\/v2\/pages\/2730","targetHints":{"allow":["GET"]}}],"collection":[{"href":"https:\/\/alfoldident.hu\/de\/wp-json\/wp\/v2\/pages"}],"about":[{"href":"https:\/\/alfoldident.hu\/de\/wp-json\/wp\/v2\/types\/page"}],"author":[{"embeddable":true,"href":"https:\/\/alfoldident.hu\/de\/wp-json\/wp\/v2\/users\/1"}],"replies":[{"embeddable":true,"href":"https:\/\/alfoldident.hu\/de\/wp-json\/wp\/v2\/comments?post=2730"}],"version-history":[{"count":4,"href":"https:\/\/alfoldident.hu\/de\/wp-json\/wp\/v2\/pages\/2730\/revisions"}],"predecessor-version":[{"id":2736,"href":"https:\/\/alfoldident.hu\/de\/wp-json\/wp\/v2\/pages\/2730\/revisions\/2736"}],"wp:attachment":[{"href":"https:\/\/alfoldident.hu\/de\/wp-json\/wp\/v2\/media?parent=2730"}],"curies":[{"name":"wp","href":"https:\/\/api.w.org\/{rel}","templated":true}]}}