{"id":1529,"date":"2024-12-20T11:38:54","date_gmt":"2024-12-20T10:38:54","guid":{"rendered":"https:\/\/alfoldident.hu\/adatkezelesi-tajekoztato-sutik-kezelese\/"},"modified":"2025-04-30T19:12:50","modified_gmt":"2025-04-30T17:12:50","slug":"datenschutzerklaerung-verwaltung-der-cookies","status":"publish","type":"page","link":"https:\/\/alfoldident.hu\/de\/datenschutzerklaerung-verwaltung-der-cookies\/","title":{"rendered":"Datenschutzerkl\u00e4rung (Verwaltung der Cookies)"},"content":{"rendered":"<div id='av_section_1'  class='avia-section av-dt97x-5fd0ca93a1af1ca019b505793505d9d6 main_color avia-section-default avia-no-border-styling  avia-builder-el-0  avia-builder-el-no-sibling  avia-bg-style-scroll container_wrap fullsize'  ><div class='container av-section-cont-open' ><main  role=\"main\" itemprop=\"mainContentOfPage\"  class='template-page content  av-content-full alpha units'><div class='post-entry post-entry-type-page post-entry-1529'><div class='entry-content-wrapper clearfix'>\n\n<style type=\"text\/css\" data-created_by=\"avia_inline_auto\" id=\"style-css-av-m4wmdlpl-49a5502ff762ba3c2ed6c91a17927d36\">\n#top .av-special-heading.av-m4wmdlpl-49a5502ff762ba3c2ed6c91a17927d36{\npadding-bottom:10px;\nfont-size:36px;\n}\nbody .av-special-heading.av-m4wmdlpl-49a5502ff762ba3c2ed6c91a17927d36 .av-special-heading-tag .heading-char{\nfont-size:25px;\n}\n#top #wrap_all .av-special-heading.av-m4wmdlpl-49a5502ff762ba3c2ed6c91a17927d36 .av-special-heading-tag{\nfont-size:36px;\n}\n.av-special-heading.av-m4wmdlpl-49a5502ff762ba3c2ed6c91a17927d36 .av-subheading{\nfont-size:15px;\n}\n\n@media only screen and (min-width: 480px) and (max-width: 767px){ \n#top #wrap_all .av-special-heading.av-m4wmdlpl-49a5502ff762ba3c2ed6c91a17927d36 .av-special-heading-tag{\nfont-size:0.8em;\n}\n}\n\n@media only screen and (max-width: 479px){ \n#top #wrap_all .av-special-heading.av-m4wmdlpl-49a5502ff762ba3c2ed6c91a17927d36 .av-special-heading-tag{\nfont-size:0.8em;\n}\n}\n<\/style>\n<div  class='av-special-heading av-m4wmdlpl-49a5502ff762ba3c2ed6c91a17927d36 av-special-heading-h1 blockquote modern-quote  avia-builder-el-1  el_before_av_textblock  avia-builder-el-first  av-inherit-size'><h1 class='av-special-heading-tag '  itemprop=\"headline\"  >Datenschutzerkl\u00e4rung (Verwaltung der Cookies)<\/h1><div class=\"special-heading-border\"><div class=\"special-heading-inner-border\"><\/div><\/div><\/div>\n<section  class='av_textblock_section av-7ytlp-262de1af741b25ae798349c464f312c7 '   itemscope=\"itemscope\" itemtype=\"https:\/\/schema.org\/CreativeWork\" ><div class='avia_textblock'  itemprop=\"text\" ><p>Sehr geehrte Benutzer,<\/p>\n<p>Bitte lesen Sie die folgende Datenschutzerkl\u00e4rung sorgf\u00e4ltig durch, bevor Sie mit dem Browsen auf unserer Webseite fortfahren!<\/p>\n<p><strong>Vertreter des Datenverwalters<\/strong><\/p>\n<p class=\"x_MsoNormal\">Name: Alf\u00f6ldi Dental System Fog\u00e1szati \u00e9s Kereskedelmi Kft.<br \/>\nAnschrift \/ Sitz\/: 1111 Budapest, Szent Gell\u00e9rt t\u00e9r 3. I\/2.<br \/>\nTelefon\/fax: +36 1 368 2846<br \/>\nE-mail: alf\u00f6ldident@gmail.com<br \/>\nVertreten durch: Dr. Alf\u00f6ldi Antal \u2013 Gesch\u00e4ftsf\u00fchrer<\/p>\n<p><strong>Zweck der Datenverwaltung:<\/strong> Um den effizienten Betrieb unserer Webseite zu gew\u00e4hrleisten, die Benutzererfahrung zu verbessern, die Navigation zu unterst\u00fctzen und relevante Inhalte und Werbung anzuzeigen.<\/p>\n<p><strong>Rechtsgrundlage der Datenverwaltung:<\/strong> Die Rechtm\u00e4\u00dfigkeit unserer Datenverwaltung wird durch Ihre freiwillige Einwilligung gew\u00e4hrleistet, die Sie durch die Akzeptanz der Cookie-Richtlinien auf der Webseite erteilen.<\/p>\n<p><strong>Umfang der personenbezogenen Daten:<\/strong> Die von Ihnen akzeptierten Cookies k\u00f6nnen auch anonyme und identifizierbare Informationen speichern. Ihre Kategorien sind:<\/p>\n<p>\u00b7\u00a0\u00a0\u00a0\u00a0\u00a0\u00a0 <strong>Notwendige Cookies<\/strong>: Sie bieten grundlegende Funktionen und speichern keine personenbezogenen Daten.<\/p>\n<p>\u00b7\u00a0\u00a0\u00a0\u00a0\u00a0\u00a0 <strong>Funktionale Cookies:<\/strong> Sie helfen, bestimmte Funktionen auszuf\u00fchren, z. B. Inhalte in sozialen Medien zu teilen.<\/p>\n<p>\u00b7\u00a0\u00a0\u00a0\u00a0\u00a0\u00a0 <strong>Analytische Cookies:<\/strong> Sie werden verwendet, um die Besuche und die Nutzung der Webseite zu analysieren.<\/p>\n<p>\u00b7\u00a0\u00a0\u00a0\u00a0\u00a0\u00a0 <strong>Leistungscookies:<\/strong> Sie unterst\u00fctzen die Analyse der wichtigsten Leistungsindikatoren der Webseite.<\/p>\n<p>\u00b7\u00a0\u00a0\u00a0\u00a0\u00a0\u00a0 <strong>Werbe-Cookies:<\/strong> Sie zeigen personalisierte Anzeigen basierend auf Ihren Pr\u00e4ferenzen.<\/p>\n<p><strong>Adressaten:<\/strong> In keinem Fall stellen wir die Daten Unbefugten zur Verf\u00fcgung. Im Falle von Cookies der Drittanbieten erfolgt die Datenverwaltung gem\u00e4\u00df den Richtlinien des jeweiligen Dienstleisters.<\/p>\n<p><strong>Daten\u00fcbertragung ins Ausland:<\/strong> Eine Daten\u00fcbermittlung ins Ausland erfolgt nur mit Ihrer Einwilligung.<\/p>\n<p><strong>Zeitraum der Datenaufbewahrung:<\/strong> Die Lebensdauer jedes Cookies kann unterschiedlich sein, die Session-Cookies sind tempor\u00e4r, w\u00e4hrend die Aufbewahrungsdauer von permanenten Cookies durch Ihre Zustimmung bestimmt wird.<\/p>\n<p><strong>Ihre Rechte auf die Datenverwaltung:<\/strong><\/p>\n<p>\u00b7 Sie haben das Recht, vorab \u00fcber die Datenverwaltung informiert zu werden.<\/p>\n<p>\u00b7 Sie k\u00f6nnen die Verwendung jedes Cookies aktivieren oder deaktivieren.<\/p>\n<p>\u00b7 Sie k\u00f6nnen die Berichtigung, L\u00f6schung oder Einschr\u00e4nkung der Verarbeitung Ihrer Daten verlangen.<\/p>\n<p><strong>Verf\u00fcgbare Abhilfema\u00dfnahmen:<\/strong> Wenn Sie der Ansicht sind, dass unsere Datenverwaltung nicht rechtm\u00e4\u00dfig ist, haben sie Recht, bei der Nationalen Beh\u00f6rde f\u00fcr Datenschutz und Informationsfreiheit (Postanschrift:1374 Budapest, Pf. 603., E-Mail-Adresse: ugyfelszolgalat@naih.hu) ein Verfahren einzuleiten, oder sich ans Gericht zu wenden.<\/p>\n<p><strong>Datenquelle:<\/strong> Die Daten werden durch Cookies automatisch erhoben, wenn Sie unsere Webseite besuchen.<\/p>\n<p><strong>Automatisierte Entscheidungsfindung:<\/strong> Wir verwenden diese nicht, wir treffen keine Entscheidungen \u00fcber Ihre Daten ohne menschliches Eingreifen.<\/p>\n<p><strong>Datensicherheitsma\u00dfnahmen:<\/strong> Wir bieten ein H\u00f6chstma\u00df an Schutz f\u00fcr die durch Cookies erhobene Daten. Wir verwenden passwortgesch\u00fctzte IT-Systeme und kontrollieren den Zugriff.<\/p>\n<p><strong>Risiken:<\/strong> Es k\u00f6nnen solche F\u00e4lle z. B. unbefugter Zugriff, Diebstahl von Datentr\u00e4gern vorkommen, aber um diese zu vermeiden, halten wir die Sicherheitsma\u00dfnahmen konsequent ein.<\/p>\n<p><strong>Vorfallverwaltung:<\/strong> Wenn die Sicherheit der durch Cookies verarbeiteten Daten verletzt wird, treffen wir abh\u00e4ngig von der Schwere des Vorfalls obligatorische Ma\u00dfnahmen, benachrichtigen wir die Beh\u00f6rde und Sie.<\/p>\n<\/div><\/section>\n\n","protected":false},"excerpt":{"rendered":"","protected":false},"author":1,"featured_media":0,"parent":0,"menu_order":0,"comment_status":"closed","ping_status":"closed","template":"","meta":{"footnotes":""},"class_list":["post-1529","page","type-page","status-publish","hentry"],"yoast_head":"<!-- This site is optimized with the Yoast SEO plugin v24.0 - https:\/\/yoast.com\/wordpress\/plugins\/seo\/ -->\n<title>Datenschutzerkl\u00e4rung (Verwaltung der Cookies) - Alf\u00f6ldi Dental<\/title>\n<meta name=\"robots\" content=\"index, follow, max-snippet:-1, max-image-preview:large, max-video-preview:-1\" \/>\n<link rel=\"canonical\" href=\"https:\/\/alfoldident.hu\/de\/datenschutzerklaerung-verwaltung-der-cookies\/\" \/>\n<meta property=\"og:locale\" content=\"de_DE\" \/>\n<meta property=\"og:type\" content=\"article\" \/>\n<meta property=\"og:title\" content=\"Datenschutzerkl\u00e4rung (Verwaltung der Cookies) - Alf\u00f6ldi Dental\" \/>\n<meta property=\"og:url\" content=\"https:\/\/alfoldident.hu\/de\/datenschutzerklaerung-verwaltung-der-cookies\/\" \/>\n<meta property=\"og:site_name\" content=\"Alf\u00f6ldi Dental\" \/>\n<meta property=\"article:modified_time\" content=\"2025-04-30T17:12:50+00:00\" \/>\n<meta name=\"twitter:card\" content=\"summary_large_image\" \/>\n<meta name=\"twitter:label1\" content=\"Gesch\u00e4tzte Lesezeit\" \/>\n\t<meta name=\"twitter:data1\" content=\"3\u00a0Minuten\" \/>\n<script type=\"application\/ld+json\" class=\"yoast-schema-graph\">{\"@context\":\"https:\/\/schema.org\",\"@graph\":[{\"@type\":\"WebPage\",\"@id\":\"https:\/\/alfoldident.hu\/de\/datenschutzerklaerung-verwaltung-der-cookies\/\",\"url\":\"https:\/\/alfoldident.hu\/de\/datenschutzerklaerung-verwaltung-der-cookies\/\",\"name\":\"Datenschutzerkl\u00e4rung (Verwaltung der Cookies) - Alf\u00f6ldi Dental\",\"isPartOf\":{\"@id\":\"https:\/\/alfoldident.hu\/#website\"},\"datePublished\":\"2024-12-20T10:38:54+00:00\",\"dateModified\":\"2025-04-30T17:12:50+00:00\",\"breadcrumb\":{\"@id\":\"https:\/\/alfoldident.hu\/de\/datenschutzerklaerung-verwaltung-der-cookies\/#breadcrumb\"},\"inLanguage\":\"de\",\"potentialAction\":[{\"@type\":\"ReadAction\",\"target\":[\"https:\/\/alfoldident.hu\/de\/datenschutzerklaerung-verwaltung-der-cookies\/\"]}]},{\"@type\":\"BreadcrumbList\",\"@id\":\"https:\/\/alfoldident.hu\/de\/datenschutzerklaerung-verwaltung-der-cookies\/#breadcrumb\",\"itemListElement\":[{\"@type\":\"ListItem\",\"position\":1,\"name\":\"Kezd\u0151lap\",\"item\":\"https:\/\/alfoldident.hu\/de\/startseite\/\"},{\"@type\":\"ListItem\",\"position\":2,\"name\":\"Datenschutzerkl\u00e4rung (Verwaltung der Cookies)\"}]},{\"@type\":\"WebSite\",\"@id\":\"https:\/\/alfoldident.hu\/#website\",\"url\":\"https:\/\/alfoldident.hu\/\",\"name\":\"Alf\u00f6ldi Dent\",\"description\":\"\",\"publisher\":{\"@id\":\"https:\/\/alfoldident.hu\/#organization\"},\"potentialAction\":[{\"@type\":\"SearchAction\",\"target\":{\"@type\":\"EntryPoint\",\"urlTemplate\":\"https:\/\/alfoldident.hu\/?s={search_term_string}\"},\"query-input\":{\"@type\":\"PropertyValueSpecification\",\"valueRequired\":true,\"valueName\":\"search_term_string\"}}],\"inLanguage\":\"de\"},{\"@type\":\"Organization\",\"@id\":\"https:\/\/alfoldident.hu\/#organization\",\"name\":\"Alf\u00f6ldi Dent\",\"url\":\"https:\/\/alfoldident.hu\/\",\"logo\":{\"@type\":\"ImageObject\",\"inLanguage\":\"de\",\"@id\":\"https:\/\/alfoldident.hu\/#\/schema\/logo\/image\/\",\"url\":\"https:\/\/alfoldident.hu\/wp-content\/uploads\/2024\/12\/logo_AD.png\",\"contentUrl\":\"https:\/\/alfoldident.hu\/wp-content\/uploads\/2024\/12\/logo_AD.png\",\"width\":178,\"height\":92,\"caption\":\"Alf\u00f6ldi Dent\"},\"image\":{\"@id\":\"https:\/\/alfoldident.hu\/#\/schema\/logo\/image\/\"}}]}<\/script>\n<!-- \/ Yoast SEO plugin. -->","yoast_head_json":{"title":"Datenschutzerkl\u00e4rung (Verwaltung der Cookies) - Alf\u00f6ldi Dental","robots":{"index":"index","follow":"follow","max-snippet":"max-snippet:-1","max-image-preview":"max-image-preview:large","max-video-preview":"max-video-preview:-1"},"canonical":"https:\/\/alfoldident.hu\/de\/datenschutzerklaerung-verwaltung-der-cookies\/","og_locale":"de_DE","og_type":"article","og_title":"Datenschutzerkl\u00e4rung (Verwaltung der Cookies) - Alf\u00f6ldi Dental","og_url":"https:\/\/alfoldident.hu\/de\/datenschutzerklaerung-verwaltung-der-cookies\/","og_site_name":"Alf\u00f6ldi Dental","article_modified_time":"2025-04-30T17:12:50+00:00","twitter_card":"summary_large_image","twitter_misc":{"Gesch\u00e4tzte Lesezeit":"3\u00a0Minuten"},"schema":{"@context":"https:\/\/schema.org","@graph":[{"@type":"WebPage","@id":"https:\/\/alfoldident.hu\/de\/datenschutzerklaerung-verwaltung-der-cookies\/","url":"https:\/\/alfoldident.hu\/de\/datenschutzerklaerung-verwaltung-der-cookies\/","name":"Datenschutzerkl\u00e4rung (Verwaltung der Cookies) - Alf\u00f6ldi Dental","isPartOf":{"@id":"https:\/\/alfoldident.hu\/#website"},"datePublished":"2024-12-20T10:38:54+00:00","dateModified":"2025-04-30T17:12:50+00:00","breadcrumb":{"@id":"https:\/\/alfoldident.hu\/de\/datenschutzerklaerung-verwaltung-der-cookies\/#breadcrumb"},"inLanguage":"de","potentialAction":[{"@type":"ReadAction","target":["https:\/\/alfoldident.hu\/de\/datenschutzerklaerung-verwaltung-der-cookies\/"]}]},{"@type":"BreadcrumbList","@id":"https:\/\/alfoldident.hu\/de\/datenschutzerklaerung-verwaltung-der-cookies\/#breadcrumb","itemListElement":[{"@type":"ListItem","position":1,"name":"Kezd\u0151lap","item":"https:\/\/alfoldident.hu\/de\/startseite\/"},{"@type":"ListItem","position":2,"name":"Datenschutzerkl\u00e4rung (Verwaltung der Cookies)"}]},{"@type":"WebSite","@id":"https:\/\/alfoldident.hu\/#website","url":"https:\/\/alfoldident.hu\/","name":"Alf\u00f6ldi Dent","description":"","publisher":{"@id":"https:\/\/alfoldident.hu\/#organization"},"potentialAction":[{"@type":"SearchAction","target":{"@type":"EntryPoint","urlTemplate":"https:\/\/alfoldident.hu\/?s={search_term_string}"},"query-input":{"@type":"PropertyValueSpecification","valueRequired":true,"valueName":"search_term_string"}}],"inLanguage":"de"},{"@type":"Organization","@id":"https:\/\/alfoldident.hu\/#organization","name":"Alf\u00f6ldi Dent","url":"https:\/\/alfoldident.hu\/","logo":{"@type":"ImageObject","inLanguage":"de","@id":"https:\/\/alfoldident.hu\/#\/schema\/logo\/image\/","url":"https:\/\/alfoldident.hu\/wp-content\/uploads\/2024\/12\/logo_AD.png","contentUrl":"https:\/\/alfoldident.hu\/wp-content\/uploads\/2024\/12\/logo_AD.png","width":178,"height":92,"caption":"Alf\u00f6ldi Dent"},"image":{"@id":"https:\/\/alfoldident.hu\/#\/schema\/logo\/image\/"}}]}},"_links":{"self":[{"href":"https:\/\/alfoldident.hu\/de\/wp-json\/wp\/v2\/pages\/1529","targetHints":{"allow":["GET"]}}],"collection":[{"href":"https:\/\/alfoldident.hu\/de\/wp-json\/wp\/v2\/pages"}],"about":[{"href":"https:\/\/alfoldident.hu\/de\/wp-json\/wp\/v2\/types\/page"}],"author":[{"embeddable":true,"href":"https:\/\/alfoldident.hu\/de\/wp-json\/wp\/v2\/users\/1"}],"replies":[{"embeddable":true,"href":"https:\/\/alfoldident.hu\/de\/wp-json\/wp\/v2\/comments?post=1529"}],"version-history":[{"count":2,"href":"https:\/\/alfoldident.hu\/de\/wp-json\/wp\/v2\/pages\/1529\/revisions"}],"predecessor-version":[{"id":1531,"href":"https:\/\/alfoldident.hu\/de\/wp-json\/wp\/v2\/pages\/1529\/revisions\/1531"}],"wp:attachment":[{"href":"https:\/\/alfoldident.hu\/de\/wp-json\/wp\/v2\/media?parent=1529"}],"curies":[{"name":"wp","href":"https:\/\/api.w.org\/{rel}","templated":true}]}}