{"id":1519,"date":"2024-12-20T12:01:29","date_gmt":"2024-12-20T11:01:29","guid":{"rendered":"https:\/\/alfoldident.hu\/adatkezelesi-tajekoztato-kapcsolatfelvetel-uzenetkuldes-a-weboldalon-keresztul\/"},"modified":"2025-04-30T16:39:14","modified_gmt":"2025-04-30T14:39:14","slug":"datenschutzerklaerung-kontaktaufnahme-senden-von-nachrichten-ueber-die-webseite","status":"publish","type":"page","link":"https:\/\/alfoldident.hu\/de\/datenschutzerklaerung-kontaktaufnahme-senden-von-nachrichten-ueber-die-webseite\/","title":{"rendered":"Datenschutzerkl\u00e4rung (Kontaktaufnahme \u2013 Senden von Nachrichten \u00fcber die Webseite)"},"content":{"rendered":"<div id='av_section_1'  class='avia-section av-dt97x-5fd0ca93a1af1ca019b505793505d9d6 main_color avia-section-default avia-no-border-styling  avia-builder-el-0  avia-builder-el-no-sibling  avia-bg-style-scroll container_wrap fullsize'  ><div class='container av-section-cont-open' ><main  role=\"main\" itemprop=\"mainContentOfPage\"  class='template-page content  av-content-full alpha units'><div class='post-entry post-entry-type-page post-entry-1519'><div class='entry-content-wrapper clearfix'>\n\n<style type=\"text\/css\" data-created_by=\"avia_inline_auto\" id=\"style-css-av-m4wmdlpl-363bb45a48c7331dffe1369003ced8bc\">\n#top .av-special-heading.av-m4wmdlpl-363bb45a48c7331dffe1369003ced8bc{\npadding-bottom:10px;\nfont-size:36px;\n}\nbody .av-special-heading.av-m4wmdlpl-363bb45a48c7331dffe1369003ced8bc .av-special-heading-tag .heading-char{\nfont-size:25px;\n}\n#top #wrap_all .av-special-heading.av-m4wmdlpl-363bb45a48c7331dffe1369003ced8bc .av-special-heading-tag{\nfont-size:36px;\n}\n.av-special-heading.av-m4wmdlpl-363bb45a48c7331dffe1369003ced8bc .av-subheading{\nfont-size:15px;\n}\n\n@media only screen and (min-width: 480px) and (max-width: 767px){ \n#top #wrap_all .av-special-heading.av-m4wmdlpl-363bb45a48c7331dffe1369003ced8bc .av-special-heading-tag{\nfont-size:0.8em;\n}\n}\n\n@media only screen and (max-width: 479px){ \n#top #wrap_all .av-special-heading.av-m4wmdlpl-363bb45a48c7331dffe1369003ced8bc .av-special-heading-tag{\nfont-size:0.8em;\n}\n}\n<\/style>\n<div  class='av-special-heading av-m4wmdlpl-363bb45a48c7331dffe1369003ced8bc av-special-heading-h1 blockquote modern-quote  avia-builder-el-1  el_before_av_textblock  avia-builder-el-first  av-inherit-size'><h1 class='av-special-heading-tag '  itemprop=\"headline\"  >Datenschutzerkl\u00e4rung (Kontaktaufnahme \u2013 Senden von Nachrichten \u00fcber die Webseite)<\/h1><div class=\"special-heading-border\"><div class=\"special-heading-inner-border\"><\/div><\/div><\/div>\n<section  class='av_textblock_section av-7ytlp-262de1af741b25ae798349c464f312c7 '   itemscope=\"itemscope\" itemtype=\"https:\/\/schema.org\/CreativeWork\" ><div class='avia_textblock'  itemprop=\"text\" ><p class=\"x_MsoNormal\">Sehr geehrte Benutzer,<\/p>\n<p class=\"x_MsoNormal\">Bitte lesen Sie die folgende Datenschutzerkl\u00e4rung sorgf\u00e4ltig durch, bevor Sie eine Nachricht senden<\/p>\n<p class=\"x_MsoNormal\"><strong>Vertreter des Datenverwalters<\/strong><\/p>\n<p class=\"x_MsoNormal\">Name: Alf\u00f6ldi Dental System Fog\u00e1szati \u00e9s Kereskedelmi Kft.<br \/>\nAnschrift \/ Sitz\/: 1111 Budapest, Szent Gell\u00e9rt t\u00e9r 3. I\/2.<br \/>\nTelefon\/fax: +36 1 368 2846<br \/>\nE-mail: alf\u00f6<a title=\"mailto:ldident@gmail.com\" href=\"mailto:ldident@gmail.com\" data-linkindex=\"9\">ldident@gmail.com<\/a><br \/>\nVertreten durch: Dr. Alf\u00f6ldi Antal \u2013 Gesch\u00e4ftsf\u00fchrer<\/p>\n<p class=\"x_MsoNormal\"><b>Adatkezel\u00e9s c\u00e9lja:<\/b> Empfangen, Verarbeiten und Beantworten von Nachrichten, die Sie \u00fcber die Webseite senden.<\/p>\n<p class=\"x_MsoNormal\"><b>Rechtsgrundlage der Datenverwaltung:<\/b> Die Rechtm\u00e4\u00dfigkeit unserer Datenverwaltung wird durch Ihre freiwillige Einwilligung sichergestellt, die Sie vor Absendung einer Nachricht durch Annahme der Datenschutzerkl\u00e4rung erteilen.<\/p>\n<p class=\"x_MsoNormal\"><b>Umfang der personenbezogenen Daten:<\/b> Die von Ihnen angegebenen Daten:<\/p>\n<ul type=\"disc\">\n<li class=\"x_MsoNormal\">Name<\/li>\n<li class=\"x_MsoNormal\">Telefon (optional)<\/li>\n<li class=\"x_MsoNormal\">E-Mail-Adresse<\/li>\n<li class=\"x_MsoNormal\">Inhalt der Nachricht<\/li>\n<\/ul>\n<p class=\"x_MsoNormal\"><b>Adressaten:<\/b> In keinem Fall stellen wir die Daten Unbefugten zur Verf\u00fcgung. Wenn wir einen Datenverarbeiter (z. B. einen Messaging-Systemanbieter) einsetzen, werden wir Sie dar\u00fcber vorab informieren.<\/p>\n<p class=\"x_MsoNormal\"><b>Daten\u00fcbertragung ins Ausland:<\/b> Wir \u00fcbertragen Ihre Daten nur auf Ihren Wunsch ins Ausland.<\/p>\n<p class=\"x_MsoNormal\"><b>Zeitraum der Datenaufbewahrung:<\/b> Wir bewahren die mit Nachrichten zusammenh\u00e4ngenden Daten 1 Jahr lang ab dem Datum der Nachrichtenverarbeitung auf, anschlie\u00dfend l\u00f6schen wir sie.<\/p>\n<p class=\"x_MsoNormal\"><b>Ihre Rechte auf die Datenverwaltung:<\/b><\/p>\n<ul type=\"disc\">\n<li class=\"x_MsoNormal\">Sie haben das Recht, vorab \u00fcber die Datenverwaltung informiert zu werden.<\/li>\n<li class=\"x_MsoNormal\">Sie k\u00f6nnen verlangen, dass wir Ihnen Zugang zu unseren Datenverwaltungsvorg\u00e4ngen gew\u00e4hren.<\/li>\n<li class=\"x_MsoNormal\">Sie k\u00f6nnen die Berichtigung, L\u00f6schung oder Einschr\u00e4nkung der Verarbeitung Ihrer Daten verlangen.<\/li>\n<\/ul>\n<p class=\"x_MsoNormal\"><b>Verf\u00fcgbare Abhilfema\u00dfnahmen:<\/b> Wenn Sie der Ansicht sind, dass unsere Datenverwaltung nicht rechtm\u00e4\u00dfig ist, haben sie Recht, bei der Nationalen Beh\u00f6rde f\u00fcr Datenschutz und Informationsfreiheit (Postanschrift: 1374 Budapest, Pf. 603., E-Mail-Adresse: ugyfelszolgalat@naih.hu) ein Verfahren einzuleiten, oder sich ans Gericht zu wenden.<\/p>\n<p class=\"x_MsoNormal\"><b>Datenquelle:<\/b> Wir erhalten die Daten direkt von Ihnen, ab dem Zeitpunkt, an dem Sie das Nachrichtenformular ausf\u00fcllen und absenden.<\/p>\n<p class=\"x_MsoNormal\"><b>Automatisierte Entscheidungsfindung:<\/b> Wir verwenden diese nicht, wir treffen keine Entscheidungen \u00fcber Ihre Daten ohne menschliches Eingreifen (z. B. keine automatisierte E-Mail-Korrespondenz, Profilierung, usw.)<\/p>\n<p class=\"x_MsoNormal\"><b>Datensicherheitsma\u00dfnahmen:<\/b> Bei der Verwaltung und Speicherung Ihrer Daten sorgen wir f\u00fcr einen erh\u00f6hten Schutz sensibler Daten, die ein H\u00f6chstma\u00df an Schutz genie\u00dfen. Wir verwenden abschlie\u00dfbare Schr\u00e4nke und R\u00e4ume, bewahren papierbasierte Dokumente unter Aufsicht auf und verwenden passwortgesch\u00fctzte IT-Tools. Wir kontrollieren den Zugriff. Die Datenverwaltungst\u00e4tigkeit wird protokolliert und ist abrufbar.<\/p>\n<p class=\"x_MsoNormal\"><b><strong>Risiken<\/strong>:<\/b> Es k\u00f6nnen solche F\u00e4lle, z. B. Diebstahl von Datentr\u00e4gern, unbefugter Zugriff usw. vorkommen, aber um diese zu vermeiden, halten wir die Sicherheitsma\u00dfnahmen konsequent ein\/die Sicherheitsma\u00dfnahmen sind konsequent einhalten zu werden.<\/p>\n<p class=\"x_MsoNormal\"><b><strong>Vorfallverwaltung<\/strong>:<\/b> Es handelt sich um eine Sicherheitsverletzung, in diesem Fall treffen wir abh\u00e4ngig von der Schwere des Vorfalls obligatorische Ma\u00dfnahmen, benachrichtigen wir Bei Bedarf die Beh\u00f6rde und auch Sie.<\/p>\n<\/div><\/section>\n\n","protected":false},"excerpt":{"rendered":"","protected":false},"author":1,"featured_media":0,"parent":0,"menu_order":0,"comment_status":"closed","ping_status":"closed","template":"","meta":{"footnotes":""},"class_list":["post-1519","page","type-page","status-publish","hentry"],"yoast_head":"<!-- This site is optimized with the Yoast SEO plugin v24.0 - https:\/\/yoast.com\/wordpress\/plugins\/seo\/ -->\n<title>Datenschutzerkl\u00e4rung (Kontaktaufnahme \u2013 Senden von Nachrichten \u00fcber die Webseite) - Alf\u00f6ldi Dental<\/title>\n<meta name=\"robots\" content=\"index, follow, max-snippet:-1, max-image-preview:large, max-video-preview:-1\" \/>\n<link rel=\"canonical\" href=\"https:\/\/alfoldident.hu\/de\/datenschutzerklaerung-kontaktaufnahme-senden-von-nachrichten-ueber-die-webseite\/\" \/>\n<meta property=\"og:locale\" content=\"de_DE\" \/>\n<meta property=\"og:type\" content=\"article\" \/>\n<meta property=\"og:title\" content=\"Datenschutzerkl\u00e4rung (Kontaktaufnahme \u2013 Senden von Nachrichten \u00fcber die Webseite) - Alf\u00f6ldi Dental\" \/>\n<meta property=\"og:url\" content=\"https:\/\/alfoldident.hu\/de\/datenschutzerklaerung-kontaktaufnahme-senden-von-nachrichten-ueber-die-webseite\/\" \/>\n<meta property=\"og:site_name\" content=\"Alf\u00f6ldi Dental\" \/>\n<meta property=\"article:modified_time\" content=\"2025-04-30T14:39:14+00:00\" \/>\n<meta name=\"twitter:card\" content=\"summary_large_image\" \/>\n<meta name=\"twitter:label1\" content=\"Gesch\u00e4tzte Lesezeit\" \/>\n\t<meta name=\"twitter:data1\" content=\"3\u00a0Minuten\" \/>\n<script type=\"application\/ld+json\" class=\"yoast-schema-graph\">{\"@context\":\"https:\/\/schema.org\",\"@graph\":[{\"@type\":\"WebPage\",\"@id\":\"https:\/\/alfoldident.hu\/de\/datenschutzerklaerung-kontaktaufnahme-senden-von-nachrichten-ueber-die-webseite\/\",\"url\":\"https:\/\/alfoldident.hu\/de\/datenschutzerklaerung-kontaktaufnahme-senden-von-nachrichten-ueber-die-webseite\/\",\"name\":\"Datenschutzerkl\u00e4rung (Kontaktaufnahme \u2013 Senden von Nachrichten \u00fcber die Webseite) - Alf\u00f6ldi Dental\",\"isPartOf\":{\"@id\":\"https:\/\/alfoldident.hu\/#website\"},\"datePublished\":\"2024-12-20T11:01:29+00:00\",\"dateModified\":\"2025-04-30T14:39:14+00:00\",\"breadcrumb\":{\"@id\":\"https:\/\/alfoldident.hu\/de\/datenschutzerklaerung-kontaktaufnahme-senden-von-nachrichten-ueber-die-webseite\/#breadcrumb\"},\"inLanguage\":\"de\",\"potentialAction\":[{\"@type\":\"ReadAction\",\"target\":[\"https:\/\/alfoldident.hu\/de\/datenschutzerklaerung-kontaktaufnahme-senden-von-nachrichten-ueber-die-webseite\/\"]}]},{\"@type\":\"BreadcrumbList\",\"@id\":\"https:\/\/alfoldident.hu\/de\/datenschutzerklaerung-kontaktaufnahme-senden-von-nachrichten-ueber-die-webseite\/#breadcrumb\",\"itemListElement\":[{\"@type\":\"ListItem\",\"position\":1,\"name\":\"Kezd\u0151lap\",\"item\":\"https:\/\/alfoldident.hu\/de\/startseite\/\"},{\"@type\":\"ListItem\",\"position\":2,\"name\":\"Datenschutzerkl\u00e4rung (Kontaktaufnahme \u2013 Senden von Nachrichten \u00fcber die Webseite)\"}]},{\"@type\":\"WebSite\",\"@id\":\"https:\/\/alfoldident.hu\/#website\",\"url\":\"https:\/\/alfoldident.hu\/\",\"name\":\"Alf\u00f6ldi Dent\",\"description\":\"\",\"publisher\":{\"@id\":\"https:\/\/alfoldident.hu\/#organization\"},\"potentialAction\":[{\"@type\":\"SearchAction\",\"target\":{\"@type\":\"EntryPoint\",\"urlTemplate\":\"https:\/\/alfoldident.hu\/?s={search_term_string}\"},\"query-input\":{\"@type\":\"PropertyValueSpecification\",\"valueRequired\":true,\"valueName\":\"search_term_string\"}}],\"inLanguage\":\"de\"},{\"@type\":\"Organization\",\"@id\":\"https:\/\/alfoldident.hu\/#organization\",\"name\":\"Alf\u00f6ldi Dent\",\"url\":\"https:\/\/alfoldident.hu\/\",\"logo\":{\"@type\":\"ImageObject\",\"inLanguage\":\"de\",\"@id\":\"https:\/\/alfoldident.hu\/#\/schema\/logo\/image\/\",\"url\":\"https:\/\/alfoldident.hu\/wp-content\/uploads\/2024\/12\/logo_AD.png\",\"contentUrl\":\"https:\/\/alfoldident.hu\/wp-content\/uploads\/2024\/12\/logo_AD.png\",\"width\":178,\"height\":92,\"caption\":\"Alf\u00f6ldi Dent\"},\"image\":{\"@id\":\"https:\/\/alfoldident.hu\/#\/schema\/logo\/image\/\"}}]}<\/script>\n<!-- \/ Yoast SEO plugin. -->","yoast_head_json":{"title":"Datenschutzerkl\u00e4rung (Kontaktaufnahme \u2013 Senden von Nachrichten \u00fcber die Webseite) - Alf\u00f6ldi Dental","robots":{"index":"index","follow":"follow","max-snippet":"max-snippet:-1","max-image-preview":"max-image-preview:large","max-video-preview":"max-video-preview:-1"},"canonical":"https:\/\/alfoldident.hu\/de\/datenschutzerklaerung-kontaktaufnahme-senden-von-nachrichten-ueber-die-webseite\/","og_locale":"de_DE","og_type":"article","og_title":"Datenschutzerkl\u00e4rung (Kontaktaufnahme \u2013 Senden von Nachrichten \u00fcber die Webseite) - Alf\u00f6ldi Dental","og_url":"https:\/\/alfoldident.hu\/de\/datenschutzerklaerung-kontaktaufnahme-senden-von-nachrichten-ueber-die-webseite\/","og_site_name":"Alf\u00f6ldi Dental","article_modified_time":"2025-04-30T14:39:14+00:00","twitter_card":"summary_large_image","twitter_misc":{"Gesch\u00e4tzte Lesezeit":"3\u00a0Minuten"},"schema":{"@context":"https:\/\/schema.org","@graph":[{"@type":"WebPage","@id":"https:\/\/alfoldident.hu\/de\/datenschutzerklaerung-kontaktaufnahme-senden-von-nachrichten-ueber-die-webseite\/","url":"https:\/\/alfoldident.hu\/de\/datenschutzerklaerung-kontaktaufnahme-senden-von-nachrichten-ueber-die-webseite\/","name":"Datenschutzerkl\u00e4rung (Kontaktaufnahme \u2013 Senden von Nachrichten \u00fcber die Webseite) - Alf\u00f6ldi Dental","isPartOf":{"@id":"https:\/\/alfoldident.hu\/#website"},"datePublished":"2024-12-20T11:01:29+00:00","dateModified":"2025-04-30T14:39:14+00:00","breadcrumb":{"@id":"https:\/\/alfoldident.hu\/de\/datenschutzerklaerung-kontaktaufnahme-senden-von-nachrichten-ueber-die-webseite\/#breadcrumb"},"inLanguage":"de","potentialAction":[{"@type":"ReadAction","target":["https:\/\/alfoldident.hu\/de\/datenschutzerklaerung-kontaktaufnahme-senden-von-nachrichten-ueber-die-webseite\/"]}]},{"@type":"BreadcrumbList","@id":"https:\/\/alfoldident.hu\/de\/datenschutzerklaerung-kontaktaufnahme-senden-von-nachrichten-ueber-die-webseite\/#breadcrumb","itemListElement":[{"@type":"ListItem","position":1,"name":"Kezd\u0151lap","item":"https:\/\/alfoldident.hu\/de\/startseite\/"},{"@type":"ListItem","position":2,"name":"Datenschutzerkl\u00e4rung (Kontaktaufnahme \u2013 Senden von Nachrichten \u00fcber die Webseite)"}]},{"@type":"WebSite","@id":"https:\/\/alfoldident.hu\/#website","url":"https:\/\/alfoldident.hu\/","name":"Alf\u00f6ldi Dent","description":"","publisher":{"@id":"https:\/\/alfoldident.hu\/#organization"},"potentialAction":[{"@type":"SearchAction","target":{"@type":"EntryPoint","urlTemplate":"https:\/\/alfoldident.hu\/?s={search_term_string}"},"query-input":{"@type":"PropertyValueSpecification","valueRequired":true,"valueName":"search_term_string"}}],"inLanguage":"de"},{"@type":"Organization","@id":"https:\/\/alfoldident.hu\/#organization","name":"Alf\u00f6ldi Dent","url":"https:\/\/alfoldident.hu\/","logo":{"@type":"ImageObject","inLanguage":"de","@id":"https:\/\/alfoldident.hu\/#\/schema\/logo\/image\/","url":"https:\/\/alfoldident.hu\/wp-content\/uploads\/2024\/12\/logo_AD.png","contentUrl":"https:\/\/alfoldident.hu\/wp-content\/uploads\/2024\/12\/logo_AD.png","width":178,"height":92,"caption":"Alf\u00f6ldi Dent"},"image":{"@id":"https:\/\/alfoldident.hu\/#\/schema\/logo\/image\/"}}]}},"_links":{"self":[{"href":"https:\/\/alfoldident.hu\/de\/wp-json\/wp\/v2\/pages\/1519","targetHints":{"allow":["GET"]}}],"collection":[{"href":"https:\/\/alfoldident.hu\/de\/wp-json\/wp\/v2\/pages"}],"about":[{"href":"https:\/\/alfoldident.hu\/de\/wp-json\/wp\/v2\/types\/page"}],"author":[{"embeddable":true,"href":"https:\/\/alfoldident.hu\/de\/wp-json\/wp\/v2\/users\/1"}],"replies":[{"embeddable":true,"href":"https:\/\/alfoldident.hu\/de\/wp-json\/wp\/v2\/comments?post=1519"}],"version-history":[{"count":2,"href":"https:\/\/alfoldident.hu\/de\/wp-json\/wp\/v2\/pages\/1519\/revisions"}],"predecessor-version":[{"id":1521,"href":"https:\/\/alfoldident.hu\/de\/wp-json\/wp\/v2\/pages\/1519\/revisions\/1521"}],"wp:attachment":[{"href":"https:\/\/alfoldident.hu\/de\/wp-json\/wp\/v2\/media?parent=1519"}],"curies":[{"name":"wp","href":"https:\/\/api.w.org\/{rel}","templated":true}]}}