{"id":1409,"date":"2024-09-27T18:39:24","date_gmt":"2024-09-27T16:39:24","guid":{"rendered":"https:\/\/alfoldident.hu\/adatkezelesi-tajekoztato\/"},"modified":"2025-04-27T11:45:11","modified_gmt":"2025-04-27T09:45:11","slug":"datenschutzerklaerung-zahnaerztliche-versorgung-zahnaerztlicher-eingriff","status":"publish","type":"page","link":"https:\/\/alfoldident.hu\/de\/datenschutzerklaerung-zahnaerztliche-versorgung-zahnaerztlicher-eingriff\/","title":{"rendered":"Datenschutzerkl\u00e4rung (zahn\u00e4rztliche Versorgung \u2013 zahn\u00e4rztlicher Eingriff)"},"content":{"rendered":"<div id='av_section_1'  class='avia-section av-609n-3c58f6d6fea457ab9175ea9237455555 main_color avia-section-default avia-no-border-styling  avia-builder-el-0  avia-builder-el-no-sibling  avia-bg-style-scroll container_wrap fullsize'  ><div class='container av-section-cont-open' ><main  role=\"main\" itemprop=\"mainContentOfPage\"  class='template-page content  av-content-full alpha units'><div class='post-entry post-entry-type-page post-entry-1409'><div class='entry-content-wrapper clearfix'>\n\n<style type=\"text\/css\" data-created_by=\"avia_inline_auto\" id=\"style-css-av-m26fz9zz-c585905efdc3fd9a3c1d06b5cca97f07\">\n#top .av-special-heading.av-m26fz9zz-c585905efdc3fd9a3c1d06b5cca97f07{\npadding-bottom:10px;\nfont-size:36px;\n}\nbody .av-special-heading.av-m26fz9zz-c585905efdc3fd9a3c1d06b5cca97f07 .av-special-heading-tag .heading-char{\nfont-size:25px;\n}\n#top #wrap_all .av-special-heading.av-m26fz9zz-c585905efdc3fd9a3c1d06b5cca97f07 .av-special-heading-tag{\nfont-size:36px;\n}\n.av-special-heading.av-m26fz9zz-c585905efdc3fd9a3c1d06b5cca97f07 .av-subheading{\nfont-size:15px;\n}\n\n@media only screen and (min-width: 480px) and (max-width: 767px){ \n#top #wrap_all .av-special-heading.av-m26fz9zz-c585905efdc3fd9a3c1d06b5cca97f07 .av-special-heading-tag{\nfont-size:0.8em;\n}\n}\n\n@media only screen and (max-width: 479px){ \n#top #wrap_all .av-special-heading.av-m26fz9zz-c585905efdc3fd9a3c1d06b5cca97f07 .av-special-heading-tag{\nfont-size:0.8em;\n}\n}\n<\/style>\n<div  class='av-special-heading av-m26fz9zz-c585905efdc3fd9a3c1d06b5cca97f07 av-special-heading-h1 blockquote modern-quote  avia-builder-el-1  el_before_av_textblock  avia-builder-el-first  av-inherit-size'><h1 class='av-special-heading-tag '  itemprop=\"headline\"  >Datenschutzerkl\u00e4rung (zahn\u00e4rztliche Versorgung \u2013 zahn\u00e4rztlicher Eingriff)<\/h1><div class=\"special-heading-border\"><div class=\"special-heading-inner-border\"><\/div><\/div><\/div>\n<section  class='av_textblock_section av-3aob-744082462e3713989108da48acf753d5 '   itemscope=\"itemscope\" itemtype=\"https:\/\/schema.org\/CreativeWork\" ><div class='avia_textblock'  itemprop=\"text\" ><h3>Sehr geehrte Patientin und geehrter Patient,<\/h3>\n<p>bitte lesen Sie die folgende Datenschutzerkl\u00e4rung vor der Versorgung sorgf\u00e4ltig durch!<\/p>\n<h3>Vertreter des Datenverwalters<\/h3>\n<p>Name: Alf\u00f6ldi Dental System Fog\u00e1szati \u00e9s Kereskedelmi Kft.<br \/>\nAnschrift \/ Sitz\/: 1111 Budapest, Szent Gell\u00e9rt t\u00e9r 3. I\/2.<br \/>\nTelefon\/Fax: +36 1 368 2846<br \/>\nE-mail: alf\u00f6ldident@gmail.com<br \/>\nVertreten durch: Dr. Alf\u00f6ldi Antal &#8211; \u00fcgyvezet\u0151<\/p>\n<p><strong>Zweck der Datenverwaltung<\/strong>: Notwendig f\u00fcr alle Gesundheitsaktivit\u00e4ten, die wir im Zusammenhang mit Ihrer zahn\u00e4rztlichen Versorgung durchf\u00fchren, also nicht nur Patientenversorgung und -behandlung im gew\u00f6hnlichen Sinne, sondern auch zur Krankheitspr\u00e4vention und Gesundheitsf\u00f6rderung<\/p>\n<p><strong>Rechtsgrundlage der Datenverwaltung<\/strong>: Die Rechtm\u00e4\u00dfigkeit unserer Datenverwaltung ergibt sich aus unserer gesetzlichen Verpflichtung nach innerstaatlichem Recht, das hei\u00dft, dass wir Ihre Daten im Rahmen der Patientendokumentation erheben, erfassen und verwalten m\u00fcssen.<\/p>\n<p><strong>Umfang der personenbezogenen Daten<\/strong>: Ihre pers\u00f6nlichen Identifikationsdaten (z. B. Name, Adresse usw.) und andere sensible Daten (z. B. Gesundheitszustand, Symptom usw.)<\/p>\n<p><strong>Empf\u00e4nger<\/strong>: Wir stellen unter keinen Umst\u00e4nden Daten Unbefugten zur Verf\u00fcgung, wenn wir einen anderen Gesundheitsdienstleister oder Datenverarbeiter (z. B. Zahntechniker) in Anspruch nehmen, machen wir Sie darauf im Vorauf aufmerksam.<\/p>\n<p><strong>Daten\u00fcbertragung ins Ausland:<\/strong> Wir \u00fcbertragen Ihre Daten nur auf Ihren Wunsch ins Ausland.<\/p>\n<p><strong>Zeitraum der Datenaufbewahrung<\/strong>: Ihre im Rahmen der Patientendokumentation verarbeiteten Daten werden in der Regel 30 Jahre aufbewahrt und danach vernichtet<\/p>\n<p><strong>Ihre Rechte auf die Datenverwaltung:<\/strong> Sie haben das Recht, vorab \u00fcber die Datenverwaltung informiert zu werden, Auskunft \u00fcber Datenverwaltungsvorg\u00e4nge zu verlangen, Berichtigung, L\u00f6schung oder Einschr\u00e4nkung der Verarbeitung zu verlangen<\/p>\n<p><strong>Verf\u00fcgbare Abhilfema\u00dfnahmen<\/strong>: Wenn Sie der Ansicht sind, dass unsere Datenverwaltung nicht rechtm\u00e4\u00dfig ist, haben sie Recht, bei der Nationalen Beh\u00f6rde f\u00fcr Datenschutz und Informationsfreiheit (Postanschrift: 1374 Budapest, Pf. 603., E-Mail-Adresse: ugyfelszolgalat@naih.hu) ein Verfahren einzuleiten, oder sich ans Gericht zu wenden.<\/p>\n<p><strong>Datenquelle<\/strong>: Wir erhalten die Daten direkt von Ihnen, ab dem Zeitpunkt, an dem Sie das Nachrichtenformular ausf\u00fcllen und absenden.<\/p>\n<p><strong>Automatisierte Entscheidungsfindung<\/strong>: Wir verwenden diese nicht, wir treffen keine Entscheidungen \u00fcber Ihre Daten ohne menschliches Eingreifen (z. B. keine automatisierte E-Mail-Korrespondenz, Profilierung, usw.)<\/p>\n<p><strong>Datensicherheitsma\u00dfnahmen<\/strong>: Bei der Verwaltung und Speicherung Ihrer Daten sorgen wir f\u00fcr einen erh\u00f6hten Schutz sensibler Daten, die ein H\u00f6chstma\u00df an Schutz genie\u00dfen. Wir verwenden abschlie\u00dfbare Schr\u00e4nke und R\u00e4ume, bewahren papierbasierte Dokumente unter Aufsicht auf und verwenden passwortgesch\u00fctzte IT-Tools. Wir kontrollieren den Zugriff und protokollieren und verfolgen alle Aktivit\u00e4ten.<\/p>\n<p><strong>Risiken<\/strong>: Nat\u00fcrlich k\u00f6nnen solche F\u00e4lle z. B. Diebstahl von Datentr\u00e4gern, unbefugter Zugriff usw. vorkommen, aber um diese zu vermeiden, werden Sicherheitsma\u00dfnahmen konsequent eingehalten\/die Sicherheitsma\u00dfnahmen sind konsequent einhalten zu werden.<\/p>\n<p><strong>Vorfallverwaltung<\/strong>: Es handelt sich um eine Sicherheitsverletzung, in diesem Fall treffen wir abh\u00e4ngig von der Schwere des Vorfalls obligatorische Ma\u00dfnahmen, benachrichtigen wir bei Bedarf die Beh\u00f6rde und auch Sie.<\/p>\n<p><strong>Einwilligung<\/strong>: Die Datenbereitstellung erfolgt nicht durch Einwilligung des Patienten, sondern die gesetzliche Verpflichtung der Praxis \u2013 als Gesundheitsdienstleister \u2013 ist die Rechtsgrundlage der Datenverwaltung.<\/p>\n<p><strong>Alf\u00f6ldi Dental System Kft.<\/strong><\/p>\n<\/div><\/section>\n\n","protected":false},"excerpt":{"rendered":"","protected":false},"author":1,"featured_media":0,"parent":0,"menu_order":0,"comment_status":"closed","ping_status":"open","template":"","meta":{"footnotes":""},"class_list":["post-1409","page","type-page","status-publish","hentry"],"yoast_head":"<!-- This site is optimized with the Yoast SEO plugin v24.0 - https:\/\/yoast.com\/wordpress\/plugins\/seo\/ -->\n<title>Datenschutzerkl\u00e4rung (zahn\u00e4rztliche Versorgung \u2013 zahn\u00e4rztlicher Eingriff) - Alf\u00f6ldi Dental<\/title>\n<meta name=\"robots\" content=\"index, follow, max-snippet:-1, max-image-preview:large, max-video-preview:-1\" \/>\n<link rel=\"canonical\" href=\"https:\/\/alfoldident.hu\/de\/datenschutzerklaerung-zahnaerztliche-versorgung-zahnaerztlicher-eingriff\/\" \/>\n<meta property=\"og:locale\" content=\"de_DE\" \/>\n<meta property=\"og:type\" content=\"article\" \/>\n<meta property=\"og:title\" content=\"Datenschutzerkl\u00e4rung (zahn\u00e4rztliche Versorgung \u2013 zahn\u00e4rztlicher Eingriff) - Alf\u00f6ldi Dental\" \/>\n<meta property=\"og:url\" content=\"https:\/\/alfoldident.hu\/de\/datenschutzerklaerung-zahnaerztliche-versorgung-zahnaerztlicher-eingriff\/\" \/>\n<meta property=\"og:site_name\" content=\"Alf\u00f6ldi Dental\" \/>\n<meta property=\"article:modified_time\" content=\"2025-04-27T09:45:11+00:00\" \/>\n<meta name=\"twitter:card\" content=\"summary_large_image\" \/>\n<meta name=\"twitter:label1\" content=\"Gesch\u00e4tzte Lesezeit\" \/>\n\t<meta name=\"twitter:data1\" content=\"3\u00a0Minuten\" \/>\n<script type=\"application\/ld+json\" class=\"yoast-schema-graph\">{\"@context\":\"https:\/\/schema.org\",\"@graph\":[{\"@type\":\"WebPage\",\"@id\":\"https:\/\/alfoldident.hu\/de\/datenschutzerklaerung-zahnaerztliche-versorgung-zahnaerztlicher-eingriff\/\",\"url\":\"https:\/\/alfoldident.hu\/de\/datenschutzerklaerung-zahnaerztliche-versorgung-zahnaerztlicher-eingriff\/\",\"name\":\"Datenschutzerkl\u00e4rung (zahn\u00e4rztliche Versorgung \u2013 zahn\u00e4rztlicher Eingriff) - Alf\u00f6ldi Dental\",\"isPartOf\":{\"@id\":\"https:\/\/alfoldident.hu\/#website\"},\"datePublished\":\"2024-09-27T16:39:24+00:00\",\"dateModified\":\"2025-04-27T09:45:11+00:00\",\"breadcrumb\":{\"@id\":\"https:\/\/alfoldident.hu\/de\/datenschutzerklaerung-zahnaerztliche-versorgung-zahnaerztlicher-eingriff\/#breadcrumb\"},\"inLanguage\":\"de\",\"potentialAction\":[{\"@type\":\"ReadAction\",\"target\":[\"https:\/\/alfoldident.hu\/de\/datenschutzerklaerung-zahnaerztliche-versorgung-zahnaerztlicher-eingriff\/\"]}]},{\"@type\":\"BreadcrumbList\",\"@id\":\"https:\/\/alfoldident.hu\/de\/datenschutzerklaerung-zahnaerztliche-versorgung-zahnaerztlicher-eingriff\/#breadcrumb\",\"itemListElement\":[{\"@type\":\"ListItem\",\"position\":1,\"name\":\"Kezd\u0151lap\",\"item\":\"https:\/\/alfoldident.hu\/de\/startseite\/\"},{\"@type\":\"ListItem\",\"position\":2,\"name\":\"Datenschutzerkl\u00e4rung (zahn\u00e4rztliche Versorgung \u2013 zahn\u00e4rztlicher Eingriff)\"}]},{\"@type\":\"WebSite\",\"@id\":\"https:\/\/alfoldident.hu\/#website\",\"url\":\"https:\/\/alfoldident.hu\/\",\"name\":\"Alf\u00f6ldi Dent\",\"description\":\"\",\"publisher\":{\"@id\":\"https:\/\/alfoldident.hu\/#organization\"},\"potentialAction\":[{\"@type\":\"SearchAction\",\"target\":{\"@type\":\"EntryPoint\",\"urlTemplate\":\"https:\/\/alfoldident.hu\/?s={search_term_string}\"},\"query-input\":{\"@type\":\"PropertyValueSpecification\",\"valueRequired\":true,\"valueName\":\"search_term_string\"}}],\"inLanguage\":\"de\"},{\"@type\":\"Organization\",\"@id\":\"https:\/\/alfoldident.hu\/#organization\",\"name\":\"Alf\u00f6ldi Dent\",\"url\":\"https:\/\/alfoldident.hu\/\",\"logo\":{\"@type\":\"ImageObject\",\"inLanguage\":\"de\",\"@id\":\"https:\/\/alfoldident.hu\/#\/schema\/logo\/image\/\",\"url\":\"https:\/\/alfoldident.hu\/wp-content\/uploads\/2024\/12\/logo_AD.png\",\"contentUrl\":\"https:\/\/alfoldident.hu\/wp-content\/uploads\/2024\/12\/logo_AD.png\",\"width\":178,\"height\":92,\"caption\":\"Alf\u00f6ldi Dent\"},\"image\":{\"@id\":\"https:\/\/alfoldident.hu\/#\/schema\/logo\/image\/\"}}]}<\/script>\n<!-- \/ Yoast SEO plugin. -->","yoast_head_json":{"title":"Datenschutzerkl\u00e4rung (zahn\u00e4rztliche Versorgung \u2013 zahn\u00e4rztlicher Eingriff) - Alf\u00f6ldi Dental","robots":{"index":"index","follow":"follow","max-snippet":"max-snippet:-1","max-image-preview":"max-image-preview:large","max-video-preview":"max-video-preview:-1"},"canonical":"https:\/\/alfoldident.hu\/de\/datenschutzerklaerung-zahnaerztliche-versorgung-zahnaerztlicher-eingriff\/","og_locale":"de_DE","og_type":"article","og_title":"Datenschutzerkl\u00e4rung (zahn\u00e4rztliche Versorgung \u2013 zahn\u00e4rztlicher Eingriff) - Alf\u00f6ldi Dental","og_url":"https:\/\/alfoldident.hu\/de\/datenschutzerklaerung-zahnaerztliche-versorgung-zahnaerztlicher-eingriff\/","og_site_name":"Alf\u00f6ldi Dental","article_modified_time":"2025-04-27T09:45:11+00:00","twitter_card":"summary_large_image","twitter_misc":{"Gesch\u00e4tzte Lesezeit":"3\u00a0Minuten"},"schema":{"@context":"https:\/\/schema.org","@graph":[{"@type":"WebPage","@id":"https:\/\/alfoldident.hu\/de\/datenschutzerklaerung-zahnaerztliche-versorgung-zahnaerztlicher-eingriff\/","url":"https:\/\/alfoldident.hu\/de\/datenschutzerklaerung-zahnaerztliche-versorgung-zahnaerztlicher-eingriff\/","name":"Datenschutzerkl\u00e4rung (zahn\u00e4rztliche Versorgung \u2013 zahn\u00e4rztlicher Eingriff) - Alf\u00f6ldi Dental","isPartOf":{"@id":"https:\/\/alfoldident.hu\/#website"},"datePublished":"2024-09-27T16:39:24+00:00","dateModified":"2025-04-27T09:45:11+00:00","breadcrumb":{"@id":"https:\/\/alfoldident.hu\/de\/datenschutzerklaerung-zahnaerztliche-versorgung-zahnaerztlicher-eingriff\/#breadcrumb"},"inLanguage":"de","potentialAction":[{"@type":"ReadAction","target":["https:\/\/alfoldident.hu\/de\/datenschutzerklaerung-zahnaerztliche-versorgung-zahnaerztlicher-eingriff\/"]}]},{"@type":"BreadcrumbList","@id":"https:\/\/alfoldident.hu\/de\/datenschutzerklaerung-zahnaerztliche-versorgung-zahnaerztlicher-eingriff\/#breadcrumb","itemListElement":[{"@type":"ListItem","position":1,"name":"Kezd\u0151lap","item":"https:\/\/alfoldident.hu\/de\/startseite\/"},{"@type":"ListItem","position":2,"name":"Datenschutzerkl\u00e4rung (zahn\u00e4rztliche Versorgung \u2013 zahn\u00e4rztlicher Eingriff)"}]},{"@type":"WebSite","@id":"https:\/\/alfoldident.hu\/#website","url":"https:\/\/alfoldident.hu\/","name":"Alf\u00f6ldi Dent","description":"","publisher":{"@id":"https:\/\/alfoldident.hu\/#organization"},"potentialAction":[{"@type":"SearchAction","target":{"@type":"EntryPoint","urlTemplate":"https:\/\/alfoldident.hu\/?s={search_term_string}"},"query-input":{"@type":"PropertyValueSpecification","valueRequired":true,"valueName":"search_term_string"}}],"inLanguage":"de"},{"@type":"Organization","@id":"https:\/\/alfoldident.hu\/#organization","name":"Alf\u00f6ldi Dent","url":"https:\/\/alfoldident.hu\/","logo":{"@type":"ImageObject","inLanguage":"de","@id":"https:\/\/alfoldident.hu\/#\/schema\/logo\/image\/","url":"https:\/\/alfoldident.hu\/wp-content\/uploads\/2024\/12\/logo_AD.png","contentUrl":"https:\/\/alfoldident.hu\/wp-content\/uploads\/2024\/12\/logo_AD.png","width":178,"height":92,"caption":"Alf\u00f6ldi Dent"},"image":{"@id":"https:\/\/alfoldident.hu\/#\/schema\/logo\/image\/"}}]}},"_links":{"self":[{"href":"https:\/\/alfoldident.hu\/de\/wp-json\/wp\/v2\/pages\/1409","targetHints":{"allow":["GET"]}}],"collection":[{"href":"https:\/\/alfoldident.hu\/de\/wp-json\/wp\/v2\/pages"}],"about":[{"href":"https:\/\/alfoldident.hu\/de\/wp-json\/wp\/v2\/types\/page"}],"author":[{"embeddable":true,"href":"https:\/\/alfoldident.hu\/de\/wp-json\/wp\/v2\/users\/1"}],"replies":[{"embeddable":true,"href":"https:\/\/alfoldident.hu\/de\/wp-json\/wp\/v2\/comments?post=1409"}],"version-history":[{"count":2,"href":"https:\/\/alfoldident.hu\/de\/wp-json\/wp\/v2\/pages\/1409\/revisions"}],"predecessor-version":[{"id":1411,"href":"https:\/\/alfoldident.hu\/de\/wp-json\/wp\/v2\/pages\/1409\/revisions\/1411"}],"wp:attachment":[{"href":"https:\/\/alfoldident.hu\/de\/wp-json\/wp\/v2\/media?parent=1409"}],"curies":[{"name":"wp","href":"https:\/\/api.w.org\/{rel}","templated":true}]}}