{"id":1399,"date":"2024-10-10T19:53:48","date_gmt":"2024-10-10T17:53:48","guid":{"rendered":"https:\/\/alfoldident.hu\/impresszum\/"},"modified":"2025-04-27T11:18:04","modified_gmt":"2025-04-27T09:18:04","slug":"impressum","status":"publish","type":"page","link":"https:\/\/alfoldident.hu\/de\/impressum\/","title":{"rendered":"Impressum"},"content":{"rendered":"<div id='av_section_1'  class='avia-section av-1ojxu-6daa09352ceb4ae2e52c030153abd1f2 main_color avia-section-default avia-no-border-styling  avia-builder-el-0  avia-builder-el-no-sibling  avia-bg-style-scroll container_wrap fullsize'  ><div class='container av-section-cont-open' ><main  role=\"main\" itemprop=\"mainContentOfPage\"  class='template-page content  av-content-full alpha units'><div class='post-entry post-entry-type-page post-entry-1399'><div class='entry-content-wrapper clearfix'>\n\n<style type=\"text\/css\" data-created_by=\"avia_inline_auto\" id=\"style-css-av-m26g1vrc-86275069e7f971329c210b05ff09f628\">\n#top .av-special-heading.av-m26g1vrc-86275069e7f971329c210b05ff09f628{\npadding-bottom:10px;\n}\nbody .av-special-heading.av-m26g1vrc-86275069e7f971329c210b05ff09f628 .av-special-heading-tag .heading-char{\nfont-size:25px;\n}\n.av-special-heading.av-m26g1vrc-86275069e7f971329c210b05ff09f628 .av-subheading{\nfont-size:15px;\n}\n<\/style>\n<div  class='av-special-heading av-m26g1vrc-86275069e7f971329c210b05ff09f628 av-special-heading-h1 blockquote modern-quote  avia-builder-el-1  el_before_av_textblock  avia-builder-el-first '><h1 class='av-special-heading-tag '  itemprop=\"headline\"  >Impressum<\/h1><div class=\"special-heading-border\"><div class=\"special-heading-inner-border\"><\/div><\/div><\/div>\n<section  class='av_textblock_section av-q7tu-627bd9dcbe39bd3286ce784379a5bd02 '   itemscope=\"itemscope\" itemtype=\"https:\/\/schema.org\/CreativeWork\" ><div class='avia_textblock'  itemprop=\"text\" ><p><strong>Name des Dienstleisters:<\/strong> Alf\u00f6ldi Dental System Kft.<\/p>\n<p><strong>Sitz des Dienstleisters:<\/strong> 1111 Budapest, Szent Gell\u00e9rt t\u00e9r 3. I. em. 2.<\/p>\n<p><strong>E-Mail-Adresse des Dienstleisters:<\/strong> info@alfoldident.hu<\/p>\n<p><strong>Steuernummer des Dienstleisters:<\/strong> 12226050-1-43<\/p>\n<p><strong>Betriebsregisternummer:<\/strong> M\/31937<\/p>\n<p>F\u00fcr die T\u00e4tigkeit des Dienstleisters ist eine Lizenz erforderlich.<\/p>\n<p><strong>Name und Angaben der zust\u00e4ndigen Beh\u00f6rde:<\/strong><\/p>\n<ul>\n<li><strong>Name:<\/strong> Budapest XI. ker\u00fcleti Hivatal, N\u00e9peg\u00e9szs\u00e9g\u00fcgyi Oszt\u00e1ly<\/li>\n<li><strong>Adresse<\/strong>: 1117 Budapest, Prielle Korn\u00e9lia u. 4\/b.<\/li>\n<li><strong>Tel<\/strong>.: +36-1-55-4781<\/li>\n<li><strong>E-mail<\/strong>: nepegeszsegugy11@11kh.bfkh.gov.hu<\/li>\n<\/ul>\n<p><strong>Name des Hosting-Anbieters<\/strong>: T\u00e1rhely.Eu (T\u00e1rhely.Eu Szolg\u00e1ltat\u00f3 Kft.)<\/p>\n<p><strong>Name des Hosting-Anbieters:<\/strong> 1097 Budapest, K\u00f6nyves K\u00e1lm\u00e1n k\u00f6r\u00fat 12-14.<\/p>\n<p><strong>E-Mail-Adresse des Hosting-Anbieters:<\/strong> utalas@tarhely.eu<\/p>\n<\/div><\/section>\n\n","protected":false},"excerpt":{"rendered":"","protected":false},"author":1,"featured_media":0,"parent":0,"menu_order":0,"comment_status":"closed","ping_status":"closed","template":"","meta":{"footnotes":""},"class_list":["post-1399","page","type-page","status-publish","hentry"],"yoast_head":"<!-- This site is optimized with the Yoast SEO plugin v24.0 - https:\/\/yoast.com\/wordpress\/plugins\/seo\/ -->\n<title>Impressum - Alf\u00f6ldi Dental<\/title>\n<meta name=\"robots\" content=\"index, follow, max-snippet:-1, max-image-preview:large, max-video-preview:-1\" \/>\n<link rel=\"canonical\" href=\"https:\/\/alfoldident.hu\/de\/impressum\/\" \/>\n<meta property=\"og:locale\" content=\"de_DE\" \/>\n<meta property=\"og:type\" content=\"article\" \/>\n<meta property=\"og:title\" content=\"Impressum - Alf\u00f6ldi Dental\" \/>\n<meta property=\"og:url\" content=\"https:\/\/alfoldident.hu\/de\/impressum\/\" \/>\n<meta property=\"og:site_name\" content=\"Alf\u00f6ldi Dental\" \/>\n<meta property=\"article:modified_time\" content=\"2025-04-27T09:18:04+00:00\" \/>\n<meta name=\"twitter:card\" content=\"summary_large_image\" \/>\n<meta name=\"twitter:label1\" content=\"Gesch\u00e4tzte Lesezeit\" \/>\n\t<meta name=\"twitter:data1\" content=\"1\u00a0Minute\" \/>\n<script type=\"application\/ld+json\" class=\"yoast-schema-graph\">{\"@context\":\"https:\/\/schema.org\",\"@graph\":[{\"@type\":\"WebPage\",\"@id\":\"https:\/\/alfoldident.hu\/de\/impressum\/\",\"url\":\"https:\/\/alfoldident.hu\/de\/impressum\/\",\"name\":\"Impressum - Alf\u00f6ldi Dental\",\"isPartOf\":{\"@id\":\"https:\/\/alfoldident.hu\/#website\"},\"datePublished\":\"2024-10-10T17:53:48+00:00\",\"dateModified\":\"2025-04-27T09:18:04+00:00\",\"breadcrumb\":{\"@id\":\"https:\/\/alfoldident.hu\/de\/impressum\/#breadcrumb\"},\"inLanguage\":\"de\",\"potentialAction\":[{\"@type\":\"ReadAction\",\"target\":[\"https:\/\/alfoldident.hu\/de\/impressum\/\"]}]},{\"@type\":\"BreadcrumbList\",\"@id\":\"https:\/\/alfoldident.hu\/de\/impressum\/#breadcrumb\",\"itemListElement\":[{\"@type\":\"ListItem\",\"position\":1,\"name\":\"Kezd\u0151lap\",\"item\":\"https:\/\/alfoldident.hu\/de\/startseite\/\"},{\"@type\":\"ListItem\",\"position\":2,\"name\":\"Impressum\"}]},{\"@type\":\"WebSite\",\"@id\":\"https:\/\/alfoldident.hu\/#website\",\"url\":\"https:\/\/alfoldident.hu\/\",\"name\":\"Alf\u00f6ldi Dent\",\"description\":\"\",\"publisher\":{\"@id\":\"https:\/\/alfoldident.hu\/#organization\"},\"potentialAction\":[{\"@type\":\"SearchAction\",\"target\":{\"@type\":\"EntryPoint\",\"urlTemplate\":\"https:\/\/alfoldident.hu\/?s={search_term_string}\"},\"query-input\":{\"@type\":\"PropertyValueSpecification\",\"valueRequired\":true,\"valueName\":\"search_term_string\"}}],\"inLanguage\":\"de\"},{\"@type\":\"Organization\",\"@id\":\"https:\/\/alfoldident.hu\/#organization\",\"name\":\"Alf\u00f6ldi Dent\",\"url\":\"https:\/\/alfoldident.hu\/\",\"logo\":{\"@type\":\"ImageObject\",\"inLanguage\":\"de\",\"@id\":\"https:\/\/alfoldident.hu\/#\/schema\/logo\/image\/\",\"url\":\"https:\/\/alfoldident.hu\/wp-content\/uploads\/2024\/12\/logo_AD.png\",\"contentUrl\":\"https:\/\/alfoldident.hu\/wp-content\/uploads\/2024\/12\/logo_AD.png\",\"width\":178,\"height\":92,\"caption\":\"Alf\u00f6ldi Dent\"},\"image\":{\"@id\":\"https:\/\/alfoldident.hu\/#\/schema\/logo\/image\/\"}}]}<\/script>\n<!-- \/ Yoast SEO plugin. -->","yoast_head_json":{"title":"Impressum - Alf\u00f6ldi Dental","robots":{"index":"index","follow":"follow","max-snippet":"max-snippet:-1","max-image-preview":"max-image-preview:large","max-video-preview":"max-video-preview:-1"},"canonical":"https:\/\/alfoldident.hu\/de\/impressum\/","og_locale":"de_DE","og_type":"article","og_title":"Impressum - Alf\u00f6ldi Dental","og_url":"https:\/\/alfoldident.hu\/de\/impressum\/","og_site_name":"Alf\u00f6ldi Dental","article_modified_time":"2025-04-27T09:18:04+00:00","twitter_card":"summary_large_image","twitter_misc":{"Gesch\u00e4tzte Lesezeit":"1\u00a0Minute"},"schema":{"@context":"https:\/\/schema.org","@graph":[{"@type":"WebPage","@id":"https:\/\/alfoldident.hu\/de\/impressum\/","url":"https:\/\/alfoldident.hu\/de\/impressum\/","name":"Impressum - Alf\u00f6ldi Dental","isPartOf":{"@id":"https:\/\/alfoldident.hu\/#website"},"datePublished":"2024-10-10T17:53:48+00:00","dateModified":"2025-04-27T09:18:04+00:00","breadcrumb":{"@id":"https:\/\/alfoldident.hu\/de\/impressum\/#breadcrumb"},"inLanguage":"de","potentialAction":[{"@type":"ReadAction","target":["https:\/\/alfoldident.hu\/de\/impressum\/"]}]},{"@type":"BreadcrumbList","@id":"https:\/\/alfoldident.hu\/de\/impressum\/#breadcrumb","itemListElement":[{"@type":"ListItem","position":1,"name":"Kezd\u0151lap","item":"https:\/\/alfoldident.hu\/de\/startseite\/"},{"@type":"ListItem","position":2,"name":"Impressum"}]},{"@type":"WebSite","@id":"https:\/\/alfoldident.hu\/#website","url":"https:\/\/alfoldident.hu\/","name":"Alf\u00f6ldi Dent","description":"","publisher":{"@id":"https:\/\/alfoldident.hu\/#organization"},"potentialAction":[{"@type":"SearchAction","target":{"@type":"EntryPoint","urlTemplate":"https:\/\/alfoldident.hu\/?s={search_term_string}"},"query-input":{"@type":"PropertyValueSpecification","valueRequired":true,"valueName":"search_term_string"}}],"inLanguage":"de"},{"@type":"Organization","@id":"https:\/\/alfoldident.hu\/#organization","name":"Alf\u00f6ldi Dent","url":"https:\/\/alfoldident.hu\/","logo":{"@type":"ImageObject","inLanguage":"de","@id":"https:\/\/alfoldident.hu\/#\/schema\/logo\/image\/","url":"https:\/\/alfoldident.hu\/wp-content\/uploads\/2024\/12\/logo_AD.png","contentUrl":"https:\/\/alfoldident.hu\/wp-content\/uploads\/2024\/12\/logo_AD.png","width":178,"height":92,"caption":"Alf\u00f6ldi Dent"},"image":{"@id":"https:\/\/alfoldident.hu\/#\/schema\/logo\/image\/"}}]}},"_links":{"self":[{"href":"https:\/\/alfoldident.hu\/de\/wp-json\/wp\/v2\/pages\/1399","targetHints":{"allow":["GET"]}}],"collection":[{"href":"https:\/\/alfoldident.hu\/de\/wp-json\/wp\/v2\/pages"}],"about":[{"href":"https:\/\/alfoldident.hu\/de\/wp-json\/wp\/v2\/types\/page"}],"author":[{"embeddable":true,"href":"https:\/\/alfoldident.hu\/de\/wp-json\/wp\/v2\/users\/1"}],"replies":[{"embeddable":true,"href":"https:\/\/alfoldident.hu\/de\/wp-json\/wp\/v2\/comments?post=1399"}],"version-history":[{"count":2,"href":"https:\/\/alfoldident.hu\/de\/wp-json\/wp\/v2\/pages\/1399\/revisions"}],"predecessor-version":[{"id":1401,"href":"https:\/\/alfoldident.hu\/de\/wp-json\/wp\/v2\/pages\/1399\/revisions\/1401"}],"wp:attachment":[{"href":"https:\/\/alfoldident.hu\/de\/wp-json\/wp\/v2\/media?parent=1399"}],"curies":[{"name":"wp","href":"https:\/\/api.w.org\/{rel}","templated":true}]}}