{"id":1376,"date":"2024-10-12T17:32:12","date_gmt":"2024-10-12T15:32:12","guid":{"rendered":"https:\/\/alfoldident.hu\/galeria\/"},"modified":"2025-04-30T14:55:51","modified_gmt":"2025-04-30T12:55:51","slug":"galerie","status":"publish","type":"page","link":"https:\/\/alfoldident.hu\/de\/galerie\/","title":{"rendered":"Galerie"},"content":{"rendered":"\n<style type=\"text\/css\" data-created_by=\"avia_inline_auto\" id=\"style-css-av-1rrxrz-56cb06acdc35d9773e8e1410728d80ef\">\n.avia-section.av-1rrxrz-56cb06acdc35d9773e8e1410728d80ef{\nbackground-repeat:no-repeat;\nbackground-image:url(https:\/\/alfoldident.hu\/wp-content\/uploads\/2024\/10\/rolunk.jpg);\nbackground-position:0% 0%;\nbackground-attachment:scroll;\n}\n.avia-section.av-1rrxrz-56cb06acdc35d9773e8e1410728d80ef .av-section-color-overlay{\nopacity:0.7;\nbackground-color:#3cbea9;\n}\n<\/style>\n<div id='av_section_1'  class='avia-section av-1rrxrz-56cb06acdc35d9773e8e1410728d80ef main_color avia-section-default avia-no-border-styling  avia-builder-el-0  el_before_av_section  avia-builder-el-first  hero-aloldal avia-full-stretch avia-bg-style-scroll av-section-color-overlay-active av-minimum-height av-minimum-height-50 av-height-50  container_wrap fullsize'  data-section-bg-repeat='stretch' data-av_minimum_height_pc='50' data-av_min_height_opt='50'><div class=\"av-section-color-overlay-wrap\"><div class=\"av-section-color-overlay\"><\/div><div class='container av-section-cont-open' ><main  role=\"main\" itemprop=\"mainContentOfPage\"  class='template-page content  av-content-full alpha units'><div class='post-entry post-entry-type-page post-entry-1376'><div class='entry-content-wrapper clearfix'>\n<div  class='flex_column av-1lsn07-ac6e530441565e88640fe71328655ec7 av_one_half  avia-builder-el-1  el_before_av_one_half  avia-builder-el-first  first flex_column_div  '     ><p>\n<style type=\"text\/css\" data-created_by=\"avia_inline_auto\" id=\"style-css-av-m2hizhlh-c1a9237509e70bcdaf7929eaf5975165\">\n#top .av-special-heading.av-m2hizhlh-c1a9237509e70bcdaf7929eaf5975165{\npadding-bottom:10px;\ncolor:#ffffff;\n}\nbody .av-special-heading.av-m2hizhlh-c1a9237509e70bcdaf7929eaf5975165 .av-special-heading-tag .heading-char{\nfont-size:25px;\n}\n.av-special-heading.av-m2hizhlh-c1a9237509e70bcdaf7929eaf5975165 .special-heading-inner-border{\nborder-color:#ffffff;\n}\n.av-special-heading.av-m2hizhlh-c1a9237509e70bcdaf7929eaf5975165 .av-subheading{\nfont-size:15px;\n}\n<\/style>\n<div  class='av-special-heading av-m2hizhlh-c1a9237509e70bcdaf7929eaf5975165 av-special-heading-h1 custom-color-heading blockquote modern-quote  avia-builder-el-2  el_before_av_heading  avia-builder-el-first '><h1 class='av-special-heading-tag '  itemprop=\"headline\"  >Galerie<\/h1><div class=\"special-heading-border\"><div class=\"special-heading-inner-border\"><\/div><\/div><\/div><br \/>\n\n<style type=\"text\/css\" data-created_by=\"avia_inline_auto\" id=\"style-css-av-1gwqfz-7984dfa3b618cbcc06a641b89370423a\">\n#top .av-special-heading.av-1gwqfz-7984dfa3b618cbcc06a641b89370423a{\nmargin:10px 0 0 0;\npadding-bottom:10px;\ncolor:#ffffff;\n}\nbody .av-special-heading.av-1gwqfz-7984dfa3b618cbcc06a641b89370423a .av-special-heading-tag .heading-char{\nfont-size:25px;\n}\n.av-special-heading.av-1gwqfz-7984dfa3b618cbcc06a641b89370423a .special-heading-inner-border{\nborder-color:#ffffff;\n}\n.av-special-heading.av-1gwqfz-7984dfa3b618cbcc06a641b89370423a .av-subheading{\nfont-size:15px;\n}\n<\/style>\n<div  class='av-special-heading av-1gwqfz-7984dfa3b618cbcc06a641b89370423a av-special-heading-h3 custom-color-heading blockquote modern-quote  avia-builder-el-3  el_after_av_heading  avia-builder-el-last '><h3 class='av-special-heading-tag '  itemprop=\"headline\"  >Unsere Galerie bietet ohne Anspruch auf Vollst\u00e4ndigkeit einen Einblick in das allt\u00e4gliche T\u00e4tigkeit der Praxis.<\/h3><div class=\"special-heading-border\"><div class=\"special-heading-inner-border\"><\/div><\/div><\/div><\/p><\/div><div  class='flex_column av-19x5cf-d3b324b97921fdb3aa2c88196a4a378e av_one_half  avia-builder-el-4  el_after_av_one_half  avia-builder-el-last  flex_column_div  '     ><\/div>\n\n<\/div><\/div><\/main><!-- close content main element --><\/div><\/div><\/div>\n<style type=\"text\/css\" data-created_by=\"avia_inline_auto\" id=\"style-css-av-10g20v-6fb921741cee3185c4d6539b5aac37be\">\n.avia-section.av-10g20v-6fb921741cee3185c4d6539b5aac37be{\nbackground-repeat:no-repeat;\nbackground-image:url(https:\/\/alfoldident.hu\/wp-content\/uploads\/2024\/10\/circle4.svg);\nbackground-position:0% 50%;\nbackground-attachment:scroll;\n}\n<\/style>\n<div id='av_section_2'  class='avia-section av-10g20v-6fb921741cee3185c4d6539b5aac37be main_color avia-section-large avia-no-border-styling  avia-builder-el-5  el_after_av_section  el_before_av_section  avia-bg-style-scroll container_wrap fullsize'  data-section-bg-repeat='no-repeat'><div class='container av-section-cont-open' ><div class='template-page content  av-content-full alpha units'><div class='post-entry post-entry-type-page post-entry-1376'><div class='entry-content-wrapper clearfix'>\n<div  class='flex_column av-e82n3-d88fbaee9c32528f29ddede2d82d5f9b av_one_full  avia-builder-el-6  avia-builder-el-no-sibling  first flex_column_div av-animated-generic fade-in  '     ><p>\n<style type=\"text\/css\" data-created_by=\"avia_inline_auto\" id=\"style-css-av-q3btb-98bc0e43094bd0fba43fb0971fd0dd0b\">\n#top .av-special-heading.av-q3btb-98bc0e43094bd0fba43fb0971fd0dd0b{\nmargin:20px 0 30px 0;\npadding-bottom:10px;\nfont-size:30px;\n}\nbody .av-special-heading.av-q3btb-98bc0e43094bd0fba43fb0971fd0dd0b .av-special-heading-tag .heading-char{\nfont-size:25px;\n}\n#top #wrap_all .av-special-heading.av-q3btb-98bc0e43094bd0fba43fb0971fd0dd0b .av-special-heading-tag{\nfont-size:30px;\n}\n.av-special-heading.av-q3btb-98bc0e43094bd0fba43fb0971fd0dd0b .av-subheading{\nfont-size:15px;\n}\n\n@media only screen and (min-width: 480px) and (max-width: 767px){ \n#top #wrap_all .av-special-heading.av-q3btb-98bc0e43094bd0fba43fb0971fd0dd0b .av-special-heading-tag{\nfont-size:0.8em;\n}\n}\n\n@media only screen and (max-width: 479px){ \n#top #wrap_all .av-special-heading.av-q3btb-98bc0e43094bd0fba43fb0971fd0dd0b .av-special-heading-tag{\nfont-size:0.8em;\n}\n}\n<\/style>\n<div  class='av-special-heading av-q3btb-98bc0e43094bd0fba43fb0971fd0dd0b av-special-heading-h3 blockquote modern-quote  avia-builder-el-7  el_before_av_masonry_gallery  avia-builder-el-no-sibling  av-inherit-size'><h3 class='av-special-heading-tag '  itemprop=\"headline\"  >Unsere Praxis <\/h3><div class=\"special-heading-border\"><div class=\"special-heading-inner-border\"><\/div><\/div><\/div><br \/>\n<div id='av-masonry-1' class='av-masonry av-nyvr-6ef70e885ee206ed47209ac2fe173b41 noHover av-fixed-size av-1px-gap av-hover-overlay-active av-masonry-animation-active av-masonry-col-3 av-caption-always av-caption-style- av-masonry-gallery av-orientation-square ' data-post_id=\"1376\"><div class=\"av-masonry-container isotope av-js-disabled\"><div class='av-masonry-entry isotope-item av-masonry-item-no-image '><\/div><a href=\"https:\/\/alfoldident.hu\/wp-content\/uploads\/2024\/12\/31-31-18-DSC02155-1030x687.jpg\" data-srcset=\"https:\/\/alfoldident.hu\/wp-content\/uploads\/2024\/12\/31-31-18-DSC02155-1030x687.jpg 1030w, https:\/\/alfoldident.hu\/wp-content\/uploads\/2024\/12\/31-31-18-DSC02155-300x200.jpg 300w, https:\/\/alfoldident.hu\/wp-content\/uploads\/2024\/12\/31-31-18-DSC02155-768x512.jpg 768w, https:\/\/alfoldident.hu\/wp-content\/uploads\/2024\/12\/31-31-18-DSC02155-705x470.jpg 705w, https:\/\/alfoldident.hu\/wp-content\/uploads\/2024\/12\/31-31-18-DSC02155.jpg 1200w\" data-sizes=\"(max-width: 1030px) 100vw, 1030px\"  aria-label=\"Bild 31-31-18-DSC02155\"  id='av-masonry-1-item-1377' data-av-masonry-item='1377' class='av-masonry-entry isotope-item post-1377 attachment type-attachment status-inherit hentry  av-masonry-item-with-image' title=\"\" alt=\"\"    itemprop=\"thumbnailUrl\" ><div class='av-inner-masonry-sizer'><\/div><figure class='av-inner-masonry main_color'><div class=\"av-masonry-outerimage-container\"><div class='av-masonry-image-container' style=\"background-image: url(https:\/\/alfoldident.hu\/wp-content\/uploads\/2024\/12\/31-31-18-DSC02155.jpg);\"  title=\"31-31-18-DSC02155\" ><\/div><\/div><\/figure><\/a><!--end av-masonry entry--><a href=\"https:\/\/alfoldident.hu\/wp-content\/uploads\/2024\/12\/33-33-20-DSC02179-1030x687.jpg\" data-srcset=\"https:\/\/alfoldident.hu\/wp-content\/uploads\/2024\/12\/33-33-20-DSC02179-1030x687.jpg 1030w, https:\/\/alfoldident.hu\/wp-content\/uploads\/2024\/12\/33-33-20-DSC02179-300x200.jpg 300w, https:\/\/alfoldident.hu\/wp-content\/uploads\/2024\/12\/33-33-20-DSC02179-768x512.jpg 768w, https:\/\/alfoldident.hu\/wp-content\/uploads\/2024\/12\/33-33-20-DSC02179-705x470.jpg 705w, https:\/\/alfoldident.hu\/wp-content\/uploads\/2024\/12\/33-33-20-DSC02179.jpg 1200w\" data-sizes=\"(max-width: 1030px) 100vw, 1030px\"  aria-label=\"Bild 33-33-20-DSC02179\"  id='av-masonry-1-item-1380' data-av-masonry-item='1380' class='av-masonry-entry isotope-item post-1380 attachment type-attachment status-inherit hentry  av-masonry-item-with-image' title=\"\" alt=\"\"    itemprop=\"thumbnailUrl\" ><div class='av-inner-masonry-sizer'><\/div><figure class='av-inner-masonry main_color'><div class=\"av-masonry-outerimage-container\"><div class='av-masonry-image-container' style=\"background-image: url(https:\/\/alfoldident.hu\/wp-content\/uploads\/2024\/12\/33-33-20-DSC02179.jpg);\"  title=\"33-33-20-DSC02179\" ><\/div><\/div><\/figure><\/a><!--end av-masonry entry--><a href=\"https:\/\/alfoldident.hu\/wp-content\/uploads\/2024\/12\/32-32-19-DSC02157-1030x687.jpg\" data-srcset=\"https:\/\/alfoldident.hu\/wp-content\/uploads\/2024\/12\/32-32-19-DSC02157-1030x687.jpg 1030w, https:\/\/alfoldident.hu\/wp-content\/uploads\/2024\/12\/32-32-19-DSC02157-300x200.jpg 300w, https:\/\/alfoldident.hu\/wp-content\/uploads\/2024\/12\/32-32-19-DSC02157-768x512.jpg 768w, https:\/\/alfoldident.hu\/wp-content\/uploads\/2024\/12\/32-32-19-DSC02157-705x470.jpg 705w, https:\/\/alfoldident.hu\/wp-content\/uploads\/2024\/12\/32-32-19-DSC02157.jpg 1200w\" data-sizes=\"(max-width: 1030px) 100vw, 1030px\"  aria-label=\"Bild 32-32-19-DSC02157\"  id='av-masonry-1-item-1381' data-av-masonry-item='1381' class='av-masonry-entry isotope-item post-1381 attachment type-attachment status-inherit hentry  av-masonry-item-with-image' title=\"\" alt=\"\"    itemprop=\"thumbnailUrl\" ><div class='av-inner-masonry-sizer'><\/div><figure class='av-inner-masonry main_color'><div class=\"av-masonry-outerimage-container\"><div class='av-masonry-image-container' style=\"background-image: url(https:\/\/alfoldident.hu\/wp-content\/uploads\/2024\/12\/32-32-19-DSC02157.jpg);\"  title=\"32-32-19-DSC02157\" ><\/div><\/div><\/figure><\/a><!--end av-masonry entry--><\/div><\/div><\/p><\/div>\n\n<\/div><\/div><\/div><!-- close content main div --><\/div><\/div>\n<style type=\"text\/css\" data-created_by=\"avia_inline_auto\" id=\"style-css-av-17ncwf-593554f42867a41fcfb82caf4e6a6ba0\">\n.avia-section.av-17ncwf-593554f42867a41fcfb82caf4e6a6ba0{\nbackground-color:#ffffff;\nbackground-repeat:no-repeat;\nbackground-image:url(https:\/\/alfoldident.hu\/wp-content\/uploads\/2024\/10\/idezet_szimbolom.svg), linear-gradient( to bottom, #ffffff, #f3f2ff );\nbackground-position:50% 50%;\nbackground-attachment:scroll;\n}\n<\/style>\n<div id='av_section_3'  class='avia-section av-17ncwf-593554f42867a41fcfb82caf4e6a6ba0 main_color avia-section-large avia-no-border-styling  avia-builder-el-9  el_after_av_section  avia-builder-el-last  avia-bg-style-scroll av-minimum-height av-minimum-height-50 av-height-50  container_wrap fullsize'  data-section-bg-repeat='no-repeat' data-av_minimum_height_pc='50' data-av_min_height_opt='50'><div class='container av-section-cont-open' ><div class='template-page content  av-content-full alpha units'><div class='post-entry post-entry-type-page post-entry-1376'><div class='entry-content-wrapper clearfix'>\n<div  class='flex_column av-14ssrr-9cd1827034f353993414d0636d65cbf3 av_one_full  avia-builder-el-10  avia-builder-el-no-sibling  first flex_column_div av-animated-generic fade-in  '     ><style type=\"text\/css\" data-created_by=\"avia_inline_auto\" id=\"style-css-av-av_testimonials-b69fff420169d845cb7d7034ba3caad1\">\n#top .avia-testimonial-wrapper.av-av_testimonials-b69fff420169d845cb7d7034ba3caad1 .avia-testimonial-content{\ncolor:#5e2cc8;\n}\n#top .avia-testimonial-wrapper.av-av_testimonials-b69fff420169d845cb7d7034ba3caad1 .avia-testimonial-name{\ncolor:#5e2cc8;\n}\n.avia-testimonial-wrapper.av-av_testimonials-b69fff420169d845cb7d7034ba3caad1 .avia-testimonial-subtitle{\ncolor:#5e2cc8;\n}\n.avia-testimonial-wrapper.av-av_testimonials-b69fff420169d845cb7d7034ba3caad1 .avia-testimonial-link{\ncolor:#5e2cc8;\n}\n.avia-testimonial-wrapper.av-av_testimonials-b69fff420169d845cb7d7034ba3caad1 .avia-slideshow-controls{\ncolor:#5e2cc8;\n}\n<\/style>\n<div  class='avia-testimonial-wrapper av-av_testimonials-b69fff420169d845cb7d7034ba3caad1 avia-slider-testimonials avia-slider-2-testimonials avia_animate_when_almost_visible av-large-testimonial-slider av-slideshow-ui av-control-default av-no-slider-navigation av-slider-hover-pause av-slideshow-autoplay av-loop-endless av-loop-manual-endless' data-slideshow-options=\"{&quot;animation&quot;:&quot;slide&quot;,&quot;autoplay&quot;:true,&quot;loop_autoplay&quot;:&quot;endless&quot;,&quot;interval&quot;:5,&quot;loop_manual&quot;:&quot;manual-endless&quot;,&quot;autoplay_stopper&quot;:false,&quot;noNavigation&quot;:false,&quot;bg_slider&quot;:false,&quot;keep_padding&quot;:&quot;&quot;,&quot;hoverpause&quot;:true,&quot;show_slide_delay&quot;:0}\">\n<section class=\"avia-testimonial-row\"><div class='avia-testimonial av-av_testimonial_single-c26e97baebb13d6add60b1e970c8dc9b avia-testimonial-row-1 avia-first-testimonial flex_column no_margin av_one_half'><div class='avia-testimonial_inner'  itemscope=\"itemscope\" itemtype=\"https:\/\/schema.org\/CreativeWork\" ><div class='avia-testimonial-content av_inherit_color'><div class='avia-testimonial-markup-entry-content'  itemprop=\"text\" ><p><em>\u201e\u201eIch bin seit mehr als 35 Jahren ihr Patient. Sie sind pr\u00e4zise, freundlich und zuverl\u00e4ssig.\u201d\u201d<\/em><\/p>\n<\/div><\/div><div class=\"avia-testimonial-meta\"><div class=\"avia-testimonial-arrow-wrap\"><div class=\"avia-arrow\"><\/div><\/div><div class='avia-testimonial-meta-mini'  itemprop=\"author\" itemscope=\"itemscope\" itemtype=\"https:\/\/schema.org\/Person\" ><strong  class='avia-testimonial-name'  itemprop=\"name\" >\u2013 P. J\u00e1nos<\/strong><\/div><\/div><\/div><\/div>\n<div class='avia-testimonial av-av_testimonial_single-f5d678e8ed77df2f5aef2de949e9a8b1 avia-testimonial-row-1 flex_column no_margin av_one_half'><div class='avia-testimonial_inner'  itemscope=\"itemscope\" itemtype=\"https:\/\/schema.org\/CreativeWork\" ><div class='avia-testimonial-content av_inherit_color'><div class='avia-testimonial-markup-entry-content'  itemprop=\"text\" ><p><em>&#8222;\u201eIch bin seit mehr als 35 Jahren ihr Patient. Sie sind pr\u00e4zise, freundlich und zuverl\u00e4ssig.\u201d&#8220;<\/em><\/p>\n<\/div><\/div><div class=\"avia-testimonial-meta\"><div class=\"avia-testimonial-arrow-wrap\"><div class=\"avia-arrow\"><\/div><\/div><div class='avia-testimonial-meta-mini'  itemprop=\"author\" itemscope=\"itemscope\" itemtype=\"https:\/\/schema.org\/Person\" ><strong  class='avia-testimonial-name'  itemprop=\"name\" >\u2013 V. Patr\u00edcia<\/strong><\/div><\/div><\/div><\/div>\n<div class='avia-testimonial av-av_testimonial_single-f50c596270e33525364ec182c8505b36 avia-testimonial-row-1 flex_column no_margin av_one_half'><div class='avia-testimonial_inner'  itemscope=\"itemscope\" itemtype=\"https:\/\/schema.org\/CreativeWork\" ><div class='avia-testimonial-content av_inherit_color'><div class='avia-testimonial-markup-entry-content'  itemprop=\"text\" ><p><em>&#8222;Ich hatte Angst und rief das Team nach langer Verz\u00f6gerung an und kam in der Praxis an, aber ich f\u00fchlte mich sofort in professionellen H\u00e4nden und in Sicherheit. Der Patient wird nicht geschimpft, nur gef\u00f6rdert und verstanden. Alles wurde vorher, nachher und w\u00e4hrenddessen erkl\u00e4rt.&#8220;<\/em><\/p>\n<\/div><\/div><div class=\"avia-testimonial-meta\"><div class=\"avia-testimonial-arrow-wrap\"><div class=\"avia-arrow\"><\/div><\/div><div class='avia-testimonial-meta-mini'  itemprop=\"author\" itemscope=\"itemscope\" itemtype=\"https:\/\/schema.org\/Person\" ><strong  class='avia-testimonial-name'  itemprop=\"name\" >\u2013 J. Vera<\/strong><\/div><\/div><\/div><\/div>\n<div class='avia-testimonial av-av_testimonial_single-2ea877fd5b0d07065dad9bcd22377e81 avia-testimonial-row-1 flex_column no_margin av_one_half'><div class='avia-testimonial_inner'  itemscope=\"itemscope\" itemtype=\"https:\/\/schema.org\/CreativeWork\" ><div class='avia-testimonial-content av_inherit_color'><div class='avia-testimonial-markup-entry-content'  itemprop=\"text\" ><p><em>\u201eFreundliche, aufmerksame \u00c4rzte und Assistenten \u2013 hier wissen Sie, dass Sie in guten H\u00e4nden sind. Die Terminbuchung ist schnell und einfach, kein Warten.\u201d<\/em><\/p>\n<\/div><\/div><div class=\"avia-testimonial-meta\"><div class=\"avia-testimonial-arrow-wrap\"><div class=\"avia-arrow\"><\/div><\/div><div class='avia-testimonial-meta-mini'  itemprop=\"author\" itemscope=\"itemscope\" itemtype=\"https:\/\/schema.org\/Person\" ><strong  class='avia-testimonial-name'  itemprop=\"name\" >\u2013 M. D\u00e1niel<\/strong><\/div><\/div><\/div><\/div>\n<\/section><div class='avia-slideshow-arrows avia-slideshow-controls' ><a href='#prev' class='prev-slide ' aria-hidden='true' data-av_icon='\ue87c' data-av_iconfont='entypo-fontello'  tabindex='-1'>Zur\u00fcck<\/a><a href='#next' class='next-slide ' aria-hidden='true' data-av_icon='\ue87d' data-av_iconfont='entypo-fontello'  tabindex='-1'>Weiter<\/a><\/div><\/div><\/div><div  class='flex_column av-av_one_full-2a0116cd11fce5b06619fbdc7b802fd1 av_one_full first flex_column_div av-animated-generic fade-in  '     ><\/div><\/p>\n","protected":false},"excerpt":{"rendered":"","protected":false},"author":1,"featured_media":0,"parent":0,"menu_order":0,"comment_status":"closed","ping_status":"closed","template":"","meta":{"footnotes":""},"class_list":["post-1376","page","type-page","status-publish","hentry"],"yoast_head":"<!-- This site is optimized with the Yoast SEO plugin v24.0 - https:\/\/yoast.com\/wordpress\/plugins\/seo\/ -->\n<title>Galerie - Alf\u00f6ldi Dental<\/title>\n<meta name=\"robots\" content=\"index, follow, max-snippet:-1, max-image-preview:large, max-video-preview:-1\" \/>\n<link rel=\"canonical\" href=\"https:\/\/alfoldident.hu\/de\/galerie\/\" \/>\n<meta property=\"og:locale\" content=\"de_DE\" \/>\n<meta property=\"og:type\" content=\"article\" \/>\n<meta property=\"og:title\" content=\"Galerie - Alf\u00f6ldi Dental\" \/>\n<meta property=\"og:url\" content=\"https:\/\/alfoldident.hu\/de\/galerie\/\" \/>\n<meta property=\"og:site_name\" content=\"Alf\u00f6ldi Dental\" \/>\n<meta property=\"article:modified_time\" content=\"2025-04-30T12:55:51+00:00\" \/>\n<meta name=\"twitter:card\" content=\"summary_large_image\" \/>\n<meta name=\"twitter:label1\" content=\"Gesch\u00e4tzte Lesezeit\" \/>\n\t<meta name=\"twitter:data1\" content=\"2\u00a0Minuten\" \/>\n<script type=\"application\/ld+json\" class=\"yoast-schema-graph\">{\"@context\":\"https:\/\/schema.org\",\"@graph\":[{\"@type\":\"WebPage\",\"@id\":\"https:\/\/alfoldident.hu\/de\/galerie\/\",\"url\":\"https:\/\/alfoldident.hu\/de\/galerie\/\",\"name\":\"Galerie - Alf\u00f6ldi Dental\",\"isPartOf\":{\"@id\":\"https:\/\/alfoldident.hu\/#website\"},\"datePublished\":\"2024-10-12T15:32:12+00:00\",\"dateModified\":\"2025-04-30T12:55:51+00:00\",\"breadcrumb\":{\"@id\":\"https:\/\/alfoldident.hu\/de\/galerie\/#breadcrumb\"},\"inLanguage\":\"de\",\"potentialAction\":[{\"@type\":\"ReadAction\",\"target\":[\"https:\/\/alfoldident.hu\/de\/galerie\/\"]}]},{\"@type\":\"BreadcrumbList\",\"@id\":\"https:\/\/alfoldident.hu\/de\/galerie\/#breadcrumb\",\"itemListElement\":[{\"@type\":\"ListItem\",\"position\":1,\"name\":\"Kezd\u0151lap\",\"item\":\"https:\/\/alfoldident.hu\/de\/startseite\/\"},{\"@type\":\"ListItem\",\"position\":2,\"name\":\"Galerie\"}]},{\"@type\":\"WebSite\",\"@id\":\"https:\/\/alfoldident.hu\/#website\",\"url\":\"https:\/\/alfoldident.hu\/\",\"name\":\"Alf\u00f6ldi Dent\",\"description\":\"\",\"publisher\":{\"@id\":\"https:\/\/alfoldident.hu\/#organization\"},\"potentialAction\":[{\"@type\":\"SearchAction\",\"target\":{\"@type\":\"EntryPoint\",\"urlTemplate\":\"https:\/\/alfoldident.hu\/?s={search_term_string}\"},\"query-input\":{\"@type\":\"PropertyValueSpecification\",\"valueRequired\":true,\"valueName\":\"search_term_string\"}}],\"inLanguage\":\"de\"},{\"@type\":\"Organization\",\"@id\":\"https:\/\/alfoldident.hu\/#organization\",\"name\":\"Alf\u00f6ldi Dent\",\"url\":\"https:\/\/alfoldident.hu\/\",\"logo\":{\"@type\":\"ImageObject\",\"inLanguage\":\"de\",\"@id\":\"https:\/\/alfoldident.hu\/#\/schema\/logo\/image\/\",\"url\":\"https:\/\/alfoldident.hu\/wp-content\/uploads\/2024\/12\/logo_AD.png\",\"contentUrl\":\"https:\/\/alfoldident.hu\/wp-content\/uploads\/2024\/12\/logo_AD.png\",\"width\":178,\"height\":92,\"caption\":\"Alf\u00f6ldi Dent\"},\"image\":{\"@id\":\"https:\/\/alfoldident.hu\/#\/schema\/logo\/image\/\"}}]}<\/script>\n<!-- \/ Yoast SEO plugin. -->","yoast_head_json":{"title":"Galerie - Alf\u00f6ldi Dental","robots":{"index":"index","follow":"follow","max-snippet":"max-snippet:-1","max-image-preview":"max-image-preview:large","max-video-preview":"max-video-preview:-1"},"canonical":"https:\/\/alfoldident.hu\/de\/galerie\/","og_locale":"de_DE","og_type":"article","og_title":"Galerie - Alf\u00f6ldi Dental","og_url":"https:\/\/alfoldident.hu\/de\/galerie\/","og_site_name":"Alf\u00f6ldi Dental","article_modified_time":"2025-04-30T12:55:51+00:00","twitter_card":"summary_large_image","twitter_misc":{"Gesch\u00e4tzte Lesezeit":"2\u00a0Minuten"},"schema":{"@context":"https:\/\/schema.org","@graph":[{"@type":"WebPage","@id":"https:\/\/alfoldident.hu\/de\/galerie\/","url":"https:\/\/alfoldident.hu\/de\/galerie\/","name":"Galerie - Alf\u00f6ldi Dental","isPartOf":{"@id":"https:\/\/alfoldident.hu\/#website"},"datePublished":"2024-10-12T15:32:12+00:00","dateModified":"2025-04-30T12:55:51+00:00","breadcrumb":{"@id":"https:\/\/alfoldident.hu\/de\/galerie\/#breadcrumb"},"inLanguage":"de","potentialAction":[{"@type":"ReadAction","target":["https:\/\/alfoldident.hu\/de\/galerie\/"]}]},{"@type":"BreadcrumbList","@id":"https:\/\/alfoldident.hu\/de\/galerie\/#breadcrumb","itemListElement":[{"@type":"ListItem","position":1,"name":"Kezd\u0151lap","item":"https:\/\/alfoldident.hu\/de\/startseite\/"},{"@type":"ListItem","position":2,"name":"Galerie"}]},{"@type":"WebSite","@id":"https:\/\/alfoldident.hu\/#website","url":"https:\/\/alfoldident.hu\/","name":"Alf\u00f6ldi Dent","description":"","publisher":{"@id":"https:\/\/alfoldident.hu\/#organization"},"potentialAction":[{"@type":"SearchAction","target":{"@type":"EntryPoint","urlTemplate":"https:\/\/alfoldident.hu\/?s={search_term_string}"},"query-input":{"@type":"PropertyValueSpecification","valueRequired":true,"valueName":"search_term_string"}}],"inLanguage":"de"},{"@type":"Organization","@id":"https:\/\/alfoldident.hu\/#organization","name":"Alf\u00f6ldi Dent","url":"https:\/\/alfoldident.hu\/","logo":{"@type":"ImageObject","inLanguage":"de","@id":"https:\/\/alfoldident.hu\/#\/schema\/logo\/image\/","url":"https:\/\/alfoldident.hu\/wp-content\/uploads\/2024\/12\/logo_AD.png","contentUrl":"https:\/\/alfoldident.hu\/wp-content\/uploads\/2024\/12\/logo_AD.png","width":178,"height":92,"caption":"Alf\u00f6ldi Dent"},"image":{"@id":"https:\/\/alfoldident.hu\/#\/schema\/logo\/image\/"}}]}},"_links":{"self":[{"href":"https:\/\/alfoldident.hu\/de\/wp-json\/wp\/v2\/pages\/1376","targetHints":{"allow":["GET"]}}],"collection":[{"href":"https:\/\/alfoldident.hu\/de\/wp-json\/wp\/v2\/pages"}],"about":[{"href":"https:\/\/alfoldident.hu\/de\/wp-json\/wp\/v2\/types\/page"}],"author":[{"embeddable":true,"href":"https:\/\/alfoldident.hu\/de\/wp-json\/wp\/v2\/users\/1"}],"replies":[{"embeddable":true,"href":"https:\/\/alfoldident.hu\/de\/wp-json\/wp\/v2\/comments?post=1376"}],"version-history":[{"count":4,"href":"https:\/\/alfoldident.hu\/de\/wp-json\/wp\/v2\/pages\/1376\/revisions"}],"predecessor-version":[{"id":1448,"href":"https:\/\/alfoldident.hu\/de\/wp-json\/wp\/v2\/pages\/1376\/revisions\/1448"}],"wp:attachment":[{"href":"https:\/\/alfoldident.hu\/de\/wp-json\/wp\/v2\/media?parent=1376"}],"curies":[{"name":"wp","href":"https:\/\/api.w.org\/{rel}","templated":true}]}}